{"id":51,"date":"2016-12-02T15:58:27","date_gmt":"2016-12-02T13:58:27","guid":{"rendered":"http:\/\/www.instalater.eu.sk\/?page_id=51"},"modified":"2016-12-20T12:52:12","modified_gmt":"2016-12-20T10:52:12","slug":"plynoinstalacia","status":"publish","type":"page","link":"https:\/\/instalater.eu.sk\/?page_id=51","title":{"rendered":"Plynoin\u0161tal\u00e1cia"},"content":{"rendered":"<p><strong><span style=\"font-family: arial, helvetica, sans-serif; font-size: 18pt;\">Mont\u00e1\u017e, \u00fadr\u017ebu a opravy rozvodov plynu, plynov\u00fdch pr\u00edpojok, rev\u00edzie plynovodov a spotrebi\u010dov v bytoch, rodinn\u00fdch a bytov\u00fdch domoch, vo firemn\u00fdch a priemyslov\u00fdch objektoch na \u00fazem\u00ed SK.<\/span><\/strong><\/p>\n<p><img loading=\"lazy\" decoding=\"async\" class=\"alignnone wp-image-75\" src=\"http:\/\/www.instalater.eu.sk\/wp-content\/uploads\/2016\/12\/MainLineValve7-300x227.jpg\" alt=\"instalater.eu.sk MainLineValve7-300x227 Plynoin\u0161tal\u00e1cia  \" width=\"711\" height=\"538\" srcset=\"https:\/\/instalater.eu.sk\/wp-content\/uploads\/2016\/12\/MainLineValve7-300x227.jpg 300w, https:\/\/instalater.eu.sk\/wp-content\/uploads\/2016\/12\/MainLineValve7-768x582.jpg 768w, https:\/\/instalater.eu.sk\/wp-content\/uploads\/2016\/12\/MainLineValve7-1024x776.jpg 1024w, https:\/\/instalater.eu.sk\/wp-content\/uploads\/2016\/12\/MainLineValve7.jpg 1779w\" sizes=\"auto, (max-width: 711px) 100vw, 711px\" \/><\/p>\n<p>&nbsp;<\/p>\n<p><span style=\"font-family: arial, helvetica, sans-serif; font-size: 14pt;\">Rozvody plynu<\/span><\/p>\n<ul>\n<li><span style=\"font-family: arial, helvetica, sans-serif; font-size: 14pt;\">kompletn\u00e1 dod\u00e1vka a servis n\u00edzkotlak\u00fdch rozvodov zemn\u00e9ho plynu vr\u00e1tane posudku rev\u00edzneho technika<\/span><\/li>\n<li><span style=\"font-family: arial, helvetica, sans-serif; font-size: 14pt;\">dod\u00e1vka, mont\u00e1\u017e a rev\u00edzia plynov\u00fdch zariaden\u00ed<\/span><\/li>\n<li><span style=\"font-family: arial, helvetica, sans-serif; font-size: 14pt;\">dod\u00e1vka a mont\u00e1\u017e plynov\u00fdch kotoln\u00ed<\/span><\/li>\n<\/ul>\n","protected":false},"excerpt":{"rendered":"<p>Mont\u00e1\u017e, \u00fadr\u017ebu a opravy rozvodov plynu, plynov\u00fdch pr\u00edpojok, rev\u00edzie plynovodov a spotrebi\u010dov v bytoch, rodinn\u00fdch a bytov\u00fdch domoch, vo firemn\u00fdch a priemyslov\u00fdch objektoch na \u00fazem\u00ed SK. &nbsp; Rozvody plynu kompletn\u00e1 dod\u00e1vka a servis n\u00edzkotlak\u00fdch rozvodov zemn\u00e9ho plynu vr\u00e1tane posudku rev\u00edzneho technika dod\u00e1vka, mont\u00e1\u017e a rev\u00edzia plynov\u00fdch zariaden\u00ed dod\u00e1vka a mont\u00e1\u017e<a href=\"https:\/\/instalater.eu.sk\/?page_id=51\" class=\"read-more\">Read More&#8230;<\/a><\/p>\n","protected":false},"author":1,"featured_media":0,"parent":18,"menu_order":0,"comment_status":"closed","ping_status":"closed","template":"","meta":{"footnotes":""},"class_list":["post-51","page","type-page","status-publish","hentry"],"yoast_head":"<!-- This site is optimized with the Yoast SEO plugin v27.0 - https:\/\/yoast.com\/product\/yoast-seo-wordpress\/ -->\n<title>Plynoin\u0161tal\u00e1cia | instalater.eu.sk<\/title>\n<meta name=\"robots\" content=\"index, follow, max-snippet:-1, max-image-preview:large, max-video-preview:-1\" \/>\n<link rel=\"canonical\" href=\"https:\/\/instalater.eu.sk\/?page_id=51\" \/>\n<meta property=\"og:locale\" content=\"sk_SK\" \/>\n<meta property=\"og:type\" content=\"article\" \/>\n<meta property=\"og:title\" content=\"Plynoin\u0161tal\u00e1cia | instalater.eu.sk\" \/>\n<meta property=\"og:description\" content=\"Mont\u00e1\u017e, \u00fadr\u017ebu a opravy rozvodov plynu, plynov\u00fdch pr\u00edpojok, rev\u00edzie plynovodov a spotrebi\u010dov v bytoch, rodinn\u00fdch a bytov\u00fdch domoch, vo firemn\u00fdch a priemyslov\u00fdch objektoch na \u00fazem\u00ed SK. &nbsp; Rozvody plynu kompletn\u00e1 dod\u00e1vka a servis n\u00edzkotlak\u00fdch rozvodov zemn\u00e9ho plynu vr\u00e1tane posudku rev\u00edzneho technika dod\u00e1vka, mont\u00e1\u017e a rev\u00edzia plynov\u00fdch zariaden\u00ed dod\u00e1vka a mont\u00e1\u017eRead More...\" \/>\n<meta property=\"og:url\" content=\"https:\/\/instalater.eu.sk\/?page_id=51\" \/>\n<meta property=\"og:site_name\" content=\"instalater.eu.sk\" \/>\n<meta property=\"article:modified_time\" content=\"2016-12-20T10:52:12+00:00\" \/>\n<meta property=\"og:image\" content=\"http:\/\/www.instalater.eu.sk\/wp-content\/uploads\/2016\/12\/MainLineValve7-300x227.jpg\" \/>\n<meta name=\"twitter:card\" content=\"summary_large_image\" \/>\n<script type=\"application\/ld+json\" class=\"yoast-schema-graph\">{\"@context\":\"https:\/\/schema.org\",\"@graph\":[{\"@type\":\"WebPage\",\"@id\":\"https:\/\/instalater.eu.sk\/?page_id=51\",\"url\":\"https:\/\/instalater.eu.sk\/?page_id=51\",\"name\":\"Plynoin\u0161tal\u00e1cia | instalater.eu.sk\",\"isPartOf\":{\"@id\":\"https:\/\/instalater.eu.sk\/#website\"},\"primaryImageOfPage\":{\"@id\":\"https:\/\/instalater.eu.sk\/?page_id=51#primaryimage\"},\"image\":{\"@id\":\"https:\/\/instalater.eu.sk\/?page_id=51#primaryimage\"},\"thumbnailUrl\":\"http:\/\/www.instalater.eu.sk\/wp-content\/uploads\/2016\/12\/MainLineValve7-300x227.jpg\",\"datePublished\":\"2016-12-02T13:58:27+00:00\",\"dateModified\":\"2016-12-20T10:52:12+00:00\",\"breadcrumb\":{\"@id\":\"https:\/\/instalater.eu.sk\/?page_id=51#breadcrumb\"},\"inLanguage\":\"sk-SK\",\"potentialAction\":[{\"@type\":\"ReadAction\",\"target\":[\"https:\/\/instalater.eu.sk\/?page_id=51\"]}]},{\"@type\":\"ImageObject\",\"inLanguage\":\"sk-SK\",\"@id\":\"https:\/\/instalater.eu.sk\/?page_id=51#primaryimage\",\"url\":\"http:\/\/www.instalater.eu.sk\/wp-content\/uploads\/2016\/12\/MainLineValve7-300x227.jpg\",\"contentUrl\":\"http:\/\/www.instalater.eu.sk\/wp-content\/uploads\/2016\/12\/MainLineValve7-300x227.jpg\"},{\"@type\":\"BreadcrumbList\",\"@id\":\"https:\/\/instalater.eu.sk\/?page_id=51#breadcrumb\",\"itemListElement\":[{\"@type\":\"ListItem\",\"position\":1,\"name\":\"Home\",\"item\":\"https:\/\/instalater.eu.sk\/\"},{\"@type\":\"ListItem\",\"position\":2,\"name\":\"Slu\u017eby\",\"item\":\"https:\/\/instalater.eu.sk\/?page_id=18\"},{\"@type\":\"ListItem\",\"position\":3,\"name\":\"Plynoin\u0161tal\u00e1cia\"}]},{\"@type\":\"WebSite\",\"@id\":\"https:\/\/instalater.eu.sk\/#website\",\"url\":\"https:\/\/instalater.eu.sk\/\",\"name\":\"instalater.eu.sk\",\"description\":\"In\u0161talat\u00e9r Trnava JK-TT, voda, k\u00farenie, plyn, vodoin\u0161talat\u00e9r, k\u00faren\u00e1r, plyn\u00e1r, vodoin\u0161tal\u00e1cie\",\"potentialAction\":[{\"@type\":\"SearchAction\",\"target\":{\"@type\":\"EntryPoint\",\"urlTemplate\":\"https:\/\/instalater.eu.sk\/?s={search_term_string}\"},\"query-input\":{\"@type\":\"PropertyValueSpecification\",\"valueRequired\":true,\"valueName\":\"search_term_string\"}}],\"inLanguage\":\"sk-SK\"}]}<\/script>\n<!-- \/ Yoast SEO plugin. -->","yoast_head_json":{"title":"Plynoin\u0161tal\u00e1cia | instalater.eu.sk","robots":{"index":"index","follow":"follow","max-snippet":"max-snippet:-1","max-image-preview":"max-image-preview:large","max-video-preview":"max-video-preview:-1"},"canonical":"https:\/\/instalater.eu.sk\/?page_id=51","og_locale":"sk_SK","og_type":"article","og_title":"Plynoin\u0161tal\u00e1cia | instalater.eu.sk","og_description":"Mont\u00e1\u017e, \u00fadr\u017ebu a opravy rozvodov plynu, plynov\u00fdch pr\u00edpojok, rev\u00edzie plynovodov a spotrebi\u010dov v bytoch, rodinn\u00fdch a bytov\u00fdch domoch, vo firemn\u00fdch a priemyslov\u00fdch objektoch na \u00fazem\u00ed SK. &nbsp; Rozvody plynu kompletn\u00e1 dod\u00e1vka a servis n\u00edzkotlak\u00fdch rozvodov zemn\u00e9ho plynu vr\u00e1tane posudku rev\u00edzneho technika dod\u00e1vka, mont\u00e1\u017e a rev\u00edzia plynov\u00fdch zariaden\u00ed dod\u00e1vka a mont\u00e1\u017eRead More...","og_url":"https:\/\/instalater.eu.sk\/?page_id=51","og_site_name":"instalater.eu.sk","article_modified_time":"2016-12-20T10:52:12+00:00","og_image":[{"url":"http:\/\/www.instalater.eu.sk\/wp-content\/uploads\/2016\/12\/MainLineValve7-300x227.jpg","type":"","width":"","height":""}],"twitter_card":"summary_large_image","schema":{"@context":"https:\/\/schema.org","@graph":[{"@type":"WebPage","@id":"https:\/\/instalater.eu.sk\/?page_id=51","url":"https:\/\/instalater.eu.sk\/?page_id=51","name":"Plynoin\u0161tal\u00e1cia | instalater.eu.sk","isPartOf":{"@id":"https:\/\/instalater.eu.sk\/#website"},"primaryImageOfPage":{"@id":"https:\/\/instalater.eu.sk\/?page_id=51#primaryimage"},"image":{"@id":"https:\/\/instalater.eu.sk\/?page_id=51#primaryimage"},"thumbnailUrl":"http:\/\/www.instalater.eu.sk\/wp-content\/uploads\/2016\/12\/MainLineValve7-300x227.jpg","datePublished":"2016-12-02T13:58:27+00:00","dateModified":"2016-12-20T10:52:12+00:00","breadcrumb":{"@id":"https:\/\/instalater.eu.sk\/?page_id=51#breadcrumb"},"inLanguage":"sk-SK","potentialAction":[{"@type":"ReadAction","target":["https:\/\/instalater.eu.sk\/?page_id=51"]}]},{"@type":"ImageObject","inLanguage":"sk-SK","@id":"https:\/\/instalater.eu.sk\/?page_id=51#primaryimage","url":"http:\/\/www.instalater.eu.sk\/wp-content\/uploads\/2016\/12\/MainLineValve7-300x227.jpg","contentUrl":"http:\/\/www.instalater.eu.sk\/wp-content\/uploads\/2016\/12\/MainLineValve7-300x227.jpg"},{"@type":"BreadcrumbList","@id":"https:\/\/instalater.eu.sk\/?page_id=51#breadcrumb","itemListElement":[{"@type":"ListItem","position":1,"name":"Home","item":"https:\/\/instalater.eu.sk\/"},{"@type":"ListItem","position":2,"name":"Slu\u017eby","item":"https:\/\/instalater.eu.sk\/?page_id=18"},{"@type":"ListItem","position":3,"name":"Plynoin\u0161tal\u00e1cia"}]},{"@type":"WebSite","@id":"https:\/\/instalater.eu.sk\/#website","url":"https:\/\/instalater.eu.sk\/","name":"instalater.eu.sk","description":"In\u0161talat\u00e9r Trnava JK-TT, voda, k\u00farenie, plyn, vodoin\u0161talat\u00e9r, k\u00faren\u00e1r, plyn\u00e1r, vodoin\u0161tal\u00e1cie","potentialAction":[{"@type":"SearchAction","target":{"@type":"EntryPoint","urlTemplate":"https:\/\/instalater.eu.sk\/?s={search_term_string}"},"query-input":{"@type":"PropertyValueSpecification","valueRequired":true,"valueName":"search_term_string"}}],"inLanguage":"sk-SK"}]}},"_links":{"self":[{"href":"https:\/\/instalater.eu.sk\/index.php?rest_route=\/wp\/v2\/pages\/51","targetHints":{"allow":["GET"]}}],"collection":[{"href":"https:\/\/instalater.eu.sk\/index.php?rest_route=\/wp\/v2\/pages"}],"about":[{"href":"https:\/\/instalater.eu.sk\/index.php?rest_route=\/wp\/v2\/types\/page"}],"author":[{"embeddable":true,"href":"https:\/\/instalater.eu.sk\/index.php?rest_route=\/wp\/v2\/users\/1"}],"replies":[{"embeddable":true,"href":"https:\/\/instalater.eu.sk\/index.php?rest_route=%2Fwp%2Fv2%2Fcomments&post=51"}],"version-history":[{"count":5,"href":"https:\/\/instalater.eu.sk\/index.php?rest_route=\/wp\/v2\/pages\/51\/revisions"}],"predecessor-version":[{"id":104,"href":"https:\/\/instalater.eu.sk\/index.php?rest_route=\/wp\/v2\/pages\/51\/revisions\/104"}],"up":[{"embeddable":true,"href":"https:\/\/instalater.eu.sk\/index.php?rest_route=\/wp\/v2\/pages\/18"}],"wp:attachment":[{"href":"https:\/\/instalater.eu.sk\/index.php?rest_route=%2Fwp%2Fv2%2Fmedia&parent=51"}],"curies":[{"name":"wp","href":"https:\/\/api.w.org\/{rel}","templated":true}]}}