{"id":49,"date":"2016-12-02T15:57:58","date_gmt":"2016-12-02T13:57:58","guid":{"rendered":"http:\/\/www.instalater.eu.sk\/?page_id=49"},"modified":"2016-12-08T12:31:51","modified_gmt":"2016-12-08T10:31:51","slug":"zdravotechnika","status":"publish","type":"page","link":"https:\/\/instalater.eu.sk\/?page_id=49","title":{"rendered":"Zdravotechnika"},"content":{"rendered":"<p><span style=\"font-size: 18pt;\"><strong><span style=\"font-family: arial, helvetica, sans-serif;\">Rekon\u0161trukcia, opravy a mont\u00e1\u017e nov\u00fdch rozvodov SV, TV v bytov\u00fdch a nebytov\u00fdch budov\u00e1ch \u2013 spodn\u00e9 rozvody, st\u00fapacie rozvody, pr\u00edpojky do budov dopojenie vodomern\u00fdch \u0161achiet<\/span><\/strong><\/span><\/p>\n<p><img loading=\"lazy\" decoding=\"async\" class=\"alignnone wp-image-85\" src=\"http:\/\/www.instalater.eu.sk\/wp-content\/uploads\/2016\/12\/Zdravotechnika-300x168.jpg\" alt=\"instalater.eu.sk Zdravotechnika-300x168 Zdravotechnika  \" width=\"807\" height=\"452\" srcset=\"https:\/\/instalater.eu.sk\/wp-content\/uploads\/2016\/12\/Zdravotechnika-300x168.jpg 300w, https:\/\/instalater.eu.sk\/wp-content\/uploads\/2016\/12\/Zdravotechnika-768x431.jpg 768w, https:\/\/instalater.eu.sk\/wp-content\/uploads\/2016\/12\/Zdravotechnika.jpg 800w\" sizes=\"auto, (max-width: 807px) 100vw, 807px\" \/><\/p>\n<p><span style=\"font-family: arial, helvetica, sans-serif; font-size: 14pt;\">Mont\u00e1\u017e a opravy<\/span><\/p>\n<ul>\n<li><span style=\"font-family: arial, helvetica, sans-serif; font-size: 14pt;\">armat\u00far pr\u00edrubov\u00fdch, z\u00e1vitov\u00fdch, uzatv\u00e1rac\u00edch, vyp\u00fa\u0161\u0165ac\u00edch, regula\u010dn\u00fdch<\/span><\/li>\n<li><span style=\"font-family: arial, helvetica, sans-serif; font-size: 14pt;\">vodomerov v bytov\u00fdch a nebytov\u00fdch budov\u00e1ch s osved\u010den\u00edm na mont\u00e1\u017e vodomerov<\/span><\/li>\n<li><span style=\"font-family: arial, helvetica, sans-serif; font-size: 14pt;\">sanity a zaria\u010fovac\u00edch prvkov (WC, um\u00fdvadlo, piso\u00e1r, bidet, bat\u00e9rie a pod.)<\/span><\/li>\n<li><span style=\"font-family: arial, helvetica, sans-serif; font-size: 14pt;\">bojlerov, akumula\u010dn\u00fdch tlakov\u00fdch n\u00e1dob, dom\u00e1cich vod\u00e1rn\u00ed a \u010derpadiel, prietokov\u00fdch ohrieva\u010dov<\/span><\/li>\n<\/ul>\n","protected":false},"excerpt":{"rendered":"<p>Rekon\u0161trukcia, opravy a mont\u00e1\u017e nov\u00fdch rozvodov SV, TV v bytov\u00fdch a nebytov\u00fdch budov\u00e1ch \u2013 spodn\u00e9 rozvody, st\u00fapacie rozvody, pr\u00edpojky do budov dopojenie vodomern\u00fdch \u0161achiet Mont\u00e1\u017e a opravy armat\u00far pr\u00edrubov\u00fdch, z\u00e1vitov\u00fdch, uzatv\u00e1rac\u00edch, vyp\u00fa\u0161\u0165ac\u00edch, regula\u010dn\u00fdch vodomerov v bytov\u00fdch a nebytov\u00fdch budov\u00e1ch s osved\u010den\u00edm na mont\u00e1\u017e vodomerov sanity a zaria\u010fovac\u00edch prvkov (WC, um\u00fdvadlo,<a href=\"https:\/\/instalater.eu.sk\/?page_id=49\" class=\"read-more\">Read More&#8230;<\/a><\/p>\n","protected":false},"author":1,"featured_media":0,"parent":18,"menu_order":0,"comment_status":"closed","ping_status":"closed","template":"","meta":{"footnotes":""},"class_list":["post-49","page","type-page","status-publish","hentry"],"yoast_head":"<!-- This site is optimized with the Yoast SEO plugin v27.0 - https:\/\/yoast.com\/product\/yoast-seo-wordpress\/ -->\n<title>Zdravotechnika | instalater.eu.sk<\/title>\n<meta name=\"robots\" content=\"index, follow, max-snippet:-1, max-image-preview:large, max-video-preview:-1\" \/>\n<link rel=\"canonical\" href=\"https:\/\/instalater.eu.sk\/?page_id=49\" \/>\n<meta property=\"og:locale\" content=\"sk_SK\" \/>\n<meta property=\"og:type\" content=\"article\" \/>\n<meta property=\"og:title\" content=\"Zdravotechnika | instalater.eu.sk\" \/>\n<meta property=\"og:description\" content=\"Rekon\u0161trukcia, opravy a mont\u00e1\u017e nov\u00fdch rozvodov SV, TV v bytov\u00fdch a nebytov\u00fdch budov\u00e1ch \u2013 spodn\u00e9 rozvody, st\u00fapacie rozvody, pr\u00edpojky do budov dopojenie vodomern\u00fdch \u0161achiet Mont\u00e1\u017e a opravy armat\u00far pr\u00edrubov\u00fdch, z\u00e1vitov\u00fdch, uzatv\u00e1rac\u00edch, vyp\u00fa\u0161\u0165ac\u00edch, regula\u010dn\u00fdch vodomerov v bytov\u00fdch a nebytov\u00fdch budov\u00e1ch s osved\u010den\u00edm na mont\u00e1\u017e vodomerov sanity a zaria\u010fovac\u00edch prvkov (WC, um\u00fdvadlo,Read More...\" \/>\n<meta property=\"og:url\" content=\"https:\/\/instalater.eu.sk\/?page_id=49\" \/>\n<meta property=\"og:site_name\" content=\"instalater.eu.sk\" \/>\n<meta property=\"article:modified_time\" content=\"2016-12-08T10:31:51+00:00\" \/>\n<meta property=\"og:image\" content=\"http:\/\/www.instalater.eu.sk\/wp-content\/uploads\/2016\/12\/Zdravotechnika-300x168.jpg\" \/>\n<meta name=\"twitter:card\" content=\"summary_large_image\" \/>\n<meta name=\"twitter:label1\" content=\"Predpokladan\u00fd \u010das \u010d\u00edtania\" \/>\n\t<meta name=\"twitter:data1\" content=\"1 min\u00fata\" \/>\n<script type=\"application\/ld+json\" class=\"yoast-schema-graph\">{\"@context\":\"https:\/\/schema.org\",\"@graph\":[{\"@type\":\"WebPage\",\"@id\":\"https:\/\/instalater.eu.sk\/?page_id=49\",\"url\":\"https:\/\/instalater.eu.sk\/?page_id=49\",\"name\":\"Zdravotechnika | instalater.eu.sk\",\"isPartOf\":{\"@id\":\"https:\/\/instalater.eu.sk\/#website\"},\"primaryImageOfPage\":{\"@id\":\"https:\/\/instalater.eu.sk\/?page_id=49#primaryimage\"},\"image\":{\"@id\":\"https:\/\/instalater.eu.sk\/?page_id=49#primaryimage\"},\"thumbnailUrl\":\"http:\/\/www.instalater.eu.sk\/wp-content\/uploads\/2016\/12\/Zdravotechnika-300x168.jpg\",\"datePublished\":\"2016-12-02T13:57:58+00:00\",\"dateModified\":\"2016-12-08T10:31:51+00:00\",\"breadcrumb\":{\"@id\":\"https:\/\/instalater.eu.sk\/?page_id=49#breadcrumb\"},\"inLanguage\":\"sk-SK\",\"potentialAction\":[{\"@type\":\"ReadAction\",\"target\":[\"https:\/\/instalater.eu.sk\/?page_id=49\"]}]},{\"@type\":\"ImageObject\",\"inLanguage\":\"sk-SK\",\"@id\":\"https:\/\/instalater.eu.sk\/?page_id=49#primaryimage\",\"url\":\"http:\/\/www.instalater.eu.sk\/wp-content\/uploads\/2016\/12\/Zdravotechnika-300x168.jpg\",\"contentUrl\":\"http:\/\/www.instalater.eu.sk\/wp-content\/uploads\/2016\/12\/Zdravotechnika-300x168.jpg\"},{\"@type\":\"BreadcrumbList\",\"@id\":\"https:\/\/instalater.eu.sk\/?page_id=49#breadcrumb\",\"itemListElement\":[{\"@type\":\"ListItem\",\"position\":1,\"name\":\"Home\",\"item\":\"https:\/\/instalater.eu.sk\/\"},{\"@type\":\"ListItem\",\"position\":2,\"name\":\"Slu\u017eby\",\"item\":\"https:\/\/instalater.eu.sk\/?page_id=18\"},{\"@type\":\"ListItem\",\"position\":3,\"name\":\"Zdravotechnika\"}]},{\"@type\":\"WebSite\",\"@id\":\"https:\/\/instalater.eu.sk\/#website\",\"url\":\"https:\/\/instalater.eu.sk\/\",\"name\":\"instalater.eu.sk\",\"description\":\"In\u0161talat\u00e9r Trnava JK-TT, voda, k\u00farenie, plyn, vodoin\u0161talat\u00e9r, k\u00faren\u00e1r, plyn\u00e1r, vodoin\u0161tal\u00e1cie\",\"potentialAction\":[{\"@type\":\"SearchAction\",\"target\":{\"@type\":\"EntryPoint\",\"urlTemplate\":\"https:\/\/instalater.eu.sk\/?s={search_term_string}\"},\"query-input\":{\"@type\":\"PropertyValueSpecification\",\"valueRequired\":true,\"valueName\":\"search_term_string\"}}],\"inLanguage\":\"sk-SK\"}]}<\/script>\n<!-- \/ Yoast SEO plugin. -->","yoast_head_json":{"title":"Zdravotechnika | instalater.eu.sk","robots":{"index":"index","follow":"follow","max-snippet":"max-snippet:-1","max-image-preview":"max-image-preview:large","max-video-preview":"max-video-preview:-1"},"canonical":"https:\/\/instalater.eu.sk\/?page_id=49","og_locale":"sk_SK","og_type":"article","og_title":"Zdravotechnika | instalater.eu.sk","og_description":"Rekon\u0161trukcia, opravy a mont\u00e1\u017e nov\u00fdch rozvodov SV, TV v bytov\u00fdch a nebytov\u00fdch budov\u00e1ch \u2013 spodn\u00e9 rozvody, st\u00fapacie rozvody, pr\u00edpojky do budov dopojenie vodomern\u00fdch \u0161achiet Mont\u00e1\u017e a opravy armat\u00far pr\u00edrubov\u00fdch, z\u00e1vitov\u00fdch, uzatv\u00e1rac\u00edch, vyp\u00fa\u0161\u0165ac\u00edch, regula\u010dn\u00fdch vodomerov v bytov\u00fdch a nebytov\u00fdch budov\u00e1ch s osved\u010den\u00edm na mont\u00e1\u017e vodomerov sanity a zaria\u010fovac\u00edch prvkov (WC, um\u00fdvadlo,Read More...","og_url":"https:\/\/instalater.eu.sk\/?page_id=49","og_site_name":"instalater.eu.sk","article_modified_time":"2016-12-08T10:31:51+00:00","og_image":[{"url":"http:\/\/www.instalater.eu.sk\/wp-content\/uploads\/2016\/12\/Zdravotechnika-300x168.jpg","type":"","width":"","height":""}],"twitter_card":"summary_large_image","twitter_misc":{"Predpokladan\u00fd \u010das \u010d\u00edtania":"1 min\u00fata"},"schema":{"@context":"https:\/\/schema.org","@graph":[{"@type":"WebPage","@id":"https:\/\/instalater.eu.sk\/?page_id=49","url":"https:\/\/instalater.eu.sk\/?page_id=49","name":"Zdravotechnika | instalater.eu.sk","isPartOf":{"@id":"https:\/\/instalater.eu.sk\/#website"},"primaryImageOfPage":{"@id":"https:\/\/instalater.eu.sk\/?page_id=49#primaryimage"},"image":{"@id":"https:\/\/instalater.eu.sk\/?page_id=49#primaryimage"},"thumbnailUrl":"http:\/\/www.instalater.eu.sk\/wp-content\/uploads\/2016\/12\/Zdravotechnika-300x168.jpg","datePublished":"2016-12-02T13:57:58+00:00","dateModified":"2016-12-08T10:31:51+00:00","breadcrumb":{"@id":"https:\/\/instalater.eu.sk\/?page_id=49#breadcrumb"},"inLanguage":"sk-SK","potentialAction":[{"@type":"ReadAction","target":["https:\/\/instalater.eu.sk\/?page_id=49"]}]},{"@type":"ImageObject","inLanguage":"sk-SK","@id":"https:\/\/instalater.eu.sk\/?page_id=49#primaryimage","url":"http:\/\/www.instalater.eu.sk\/wp-content\/uploads\/2016\/12\/Zdravotechnika-300x168.jpg","contentUrl":"http:\/\/www.instalater.eu.sk\/wp-content\/uploads\/2016\/12\/Zdravotechnika-300x168.jpg"},{"@type":"BreadcrumbList","@id":"https:\/\/instalater.eu.sk\/?page_id=49#breadcrumb","itemListElement":[{"@type":"ListItem","position":1,"name":"Home","item":"https:\/\/instalater.eu.sk\/"},{"@type":"ListItem","position":2,"name":"Slu\u017eby","item":"https:\/\/instalater.eu.sk\/?page_id=18"},{"@type":"ListItem","position":3,"name":"Zdravotechnika"}]},{"@type":"WebSite","@id":"https:\/\/instalater.eu.sk\/#website","url":"https:\/\/instalater.eu.sk\/","name":"instalater.eu.sk","description":"In\u0161talat\u00e9r Trnava JK-TT, voda, k\u00farenie, plyn, vodoin\u0161talat\u00e9r, k\u00faren\u00e1r, plyn\u00e1r, vodoin\u0161tal\u00e1cie","potentialAction":[{"@type":"SearchAction","target":{"@type":"EntryPoint","urlTemplate":"https:\/\/instalater.eu.sk\/?s={search_term_string}"},"query-input":{"@type":"PropertyValueSpecification","valueRequired":true,"valueName":"search_term_string"}}],"inLanguage":"sk-SK"}]}},"_links":{"self":[{"href":"https:\/\/instalater.eu.sk\/index.php?rest_route=\/wp\/v2\/pages\/49","targetHints":{"allow":["GET"]}}],"collection":[{"href":"https:\/\/instalater.eu.sk\/index.php?rest_route=\/wp\/v2\/pages"}],"about":[{"href":"https:\/\/instalater.eu.sk\/index.php?rest_route=\/wp\/v2\/types\/page"}],"author":[{"embeddable":true,"href":"https:\/\/instalater.eu.sk\/index.php?rest_route=\/wp\/v2\/users\/1"}],"replies":[{"embeddable":true,"href":"https:\/\/instalater.eu.sk\/index.php?rest_route=%2Fwp%2Fv2%2Fcomments&post=49"}],"version-history":[{"count":4,"href":"https:\/\/instalater.eu.sk\/index.php?rest_route=\/wp\/v2\/pages\/49\/revisions"}],"predecessor-version":[{"id":102,"href":"https:\/\/instalater.eu.sk\/index.php?rest_route=\/wp\/v2\/pages\/49\/revisions\/102"}],"up":[{"embeddable":true,"href":"https:\/\/instalater.eu.sk\/index.php?rest_route=\/wp\/v2\/pages\/18"}],"wp:attachment":[{"href":"https:\/\/instalater.eu.sk\/index.php?rest_route=%2Fwp%2Fv2%2Fmedia&parent=49"}],"curies":[{"name":"wp","href":"https:\/\/api.w.org\/{rel}","templated":true}]}}