{"id":47,"date":"2016-12-02T15:57:24","date_gmt":"2016-12-02T13:57:24","guid":{"rendered":"http:\/\/www.instalater.eu.sk\/?page_id=47"},"modified":"2016-12-08T12:27:03","modified_gmt":"2016-12-08T10:27:03","slug":"kurenie","status":"publish","type":"page","link":"https:\/\/instalater.eu.sk\/?page_id=47","title":{"rendered":"K\u00farenie"},"content":{"rendered":"<p><strong><span style=\"font-family: arial, helvetica, sans-serif; font-size: 18pt;\">Mont\u00e1\u017e radi\u00e1torov, konvektorov, podlahov\u00e9 k\u00farenie, in\u0161tal\u00e1cia, v\u00fdmena a servis kotlov, mont\u00e1\u017e kotoln\u00ed\u2026<\/span><\/strong><\/p>\n<p><img loading=\"lazy\" decoding=\"async\" class=\"alignnone wp-image-62\" src=\"http:\/\/www.instalater.eu.sk\/wp-content\/uploads\/2016\/12\/thermostat-250556_1920-300x199.jpg\" alt=\"instalater.eu.sk thermostat-250556_1920-300x199 K\u00farenie  \" width=\"726\" height=\"481\" srcset=\"https:\/\/instalater.eu.sk\/wp-content\/uploads\/2016\/12\/thermostat-250556_1920-300x199.jpg 300w, https:\/\/instalater.eu.sk\/wp-content\/uploads\/2016\/12\/thermostat-250556_1920-768x510.jpg 768w, https:\/\/instalater.eu.sk\/wp-content\/uploads\/2016\/12\/thermostat-250556_1920-1024x680.jpg 1024w, https:\/\/instalater.eu.sk\/wp-content\/uploads\/2016\/12\/thermostat-250556_1920.jpg 1920w\" sizes=\"auto, (max-width: 726px) 100vw, 726px\" \/><\/p>\n<p style=\"text-align: left;\"><span style=\"font-family: arial, helvetica, sans-serif; font-size: 14pt;\">Dod\u00e1vka a mont\u00e1\u017e<\/span><br \/>\n<span style=\"font-family: arial, helvetica, sans-serif; font-size: 14pt;\"> Mont\u00e1\u017e vykurovac\u00edch syst\u00e9mov \u2013 podlahov\u00e9 vykurovanie, radi\u00e1torov\u00e9 vykurovanie, predaj komponentov vykurovania.<\/span><br \/>\n<span style=\"font-family: arial, helvetica, sans-serif; font-size: 14pt;\"> Zabezpe\u010dujeme mont\u00e1\u017e radi\u00e1torov\u00e9ho vykurovania s pou\u017eit\u00edm panelov\u00fdch plechov\u00fdch, liatinov\u00fdch, hlin\u00edkov\u00fdch radi\u00e1torov , s\u00e1lav\u00fdch panelov a konvektorov.<\/span><br \/>\n<span style=\"font-family: arial, helvetica, sans-serif; font-size: 14pt;\"> Spolupracujeme s r\u00f4znymi dodavate\u013emi plynov\u00fdch , elektrick\u00fdch kotlov, kotlov na tuh\u00e9 palivo , tepeln\u00fdch \u010derpadiel. Radi V\u00e1m porad\u00edme pri v\u00fdbere spr\u00e1vneho zariadenia pre V\u00e1\u0161 stavebn\u00fd objekt.<\/span><\/p>\n<p><span style=\"font-family: arial, helvetica, sans-serif; font-size: 14pt;\">Rozvody na vykurovanie : Me\u010f, plast , nerez , Pex-al-pex<\/span><\/p>\n<hr \/>\n<h3><\/h3>\n<p><strong><span style=\"font-family: arial, helvetica, sans-serif; font-size: 14pt;\">\u2666 Podlahov\u00e9 a stenov\u00e9 vykurovanie \u2666<\/span><\/strong><\/p>\n<p><span style=\"font-family: arial, helvetica, sans-serif; font-size: 14pt;\">V\u00fdhody podlahov\u00e9ho vyk\u00farenia:<\/span><\/p>\n<ul>\n<li><span style=\"font-family: arial, helvetica, sans-serif; font-size: 14pt;\">n\u00edzka energetick\u00e1 n\u00e1ro\u010dnos\u0165, dosiahnutie \u00faspor 20-30% energie vzh\u013eadom k tomu, \u017ee po\u017eadovan\u00e9ho pocitu tepla je dosiahnut\u00e9 pri skuto\u010dnej teplote ni\u017e\u0161ej o 2-3 C\u00b0<\/span><\/li>\n<li><span style=\"font-family: arial, helvetica, sans-serif; font-size: 14pt;\">pou\u017eitie v\u0161etk\u00fdch druhov energie, ako plynu tak elektriny, tuh\u00fdch pal\u00edv, tepeln\u00e9ho \u010derpadla, sol\u00e1rnej energie<\/span><\/li>\n<li><span style=\"font-family: arial, helvetica, sans-serif; font-size: 14pt;\">optick\u00e9 roz\u0161\u00edrenie priestoru, v\u00fdraz \u010dist\u00fdch l\u00edni\u00ed interi\u00e9ru a prirodzen\u00fd obsah vlhkosti vzduchu<\/span><\/li>\n<li><span style=\"font-family: arial, helvetica, sans-serif; font-size: 14pt;\">ide\u00e1lne rozvrstvenie tepla v miestnosti<\/span><\/li>\n<li><span style=\"font-family: arial, helvetica, sans-serif; font-size: 14pt;\">umo\u017enenie slobodnej vo\u013eby n\u00e1\u0161\u013eapnej krytiny<\/span><\/li>\n<li><span style=\"font-family: arial, helvetica, sans-serif; font-size: 14pt;\">hospod\u00e1rne vykurovanie hlavne ve\u013ek\u00fdch priestorov<\/span><\/li>\n<li><span style=\"font-family: arial, helvetica, sans-serif; font-size: 14pt;\">optim\u00e1lna pohoda a mo\u017enos\u0165 regul\u00e1cie jednotliv\u00fdch miestnost\u00ed pod\u013ea vn\u00fatorn\u00fdch pocitov<\/span><\/li>\n<\/ul>\n<hr \/>\n<h3><\/h3>\n<p><span style=\"font-family: arial, helvetica, sans-serif; font-size: 14pt;\">V\u00fdhody stenov\u00e9ho vykurovania:<\/span><\/p>\n<ul>\n<li><span style=\"font-family: arial, helvetica, sans-serif; font-size: 14pt;\">vysok\u00fd pocit tepelnej pohody<\/span><\/li>\n<li><span style=\"font-family: arial, helvetica, sans-serif; font-size: 14pt;\">zv\u00e4\u010d\u0161enie s\u00e1lavej vykurovacej plochy, zn\u00ed\u017eenie teploty vzduchu, mo\u017enos\u0165 zv\u00fd\u0161enia vlhkosti vzduchu<\/span><\/li>\n<li><span style=\"font-family: arial, helvetica, sans-serif; font-size: 14pt;\">maxim\u00e1lna hygiena prev\u00e1dzky<\/span><\/li>\n<li><span style=\"font-family: arial, helvetica, sans-serif; font-size: 14pt;\">nedoch\u00e1dza k pr\u00fadeniu vzduchu, a t\u00fdm aj zne\u010dis\u0165ovaniu povrchu stien a vykurovac\u00edch telies un\u00e1\u0161an\u00fdm prachom<\/span><\/li>\n<li><span style=\"font-family: arial, helvetica, sans-serif; font-size: 14pt;\">mo\u017enos\u0165 vyu\u017eitia ak\u00e9hoko\u013evek n\u00edzkoteplotn\u00e9ho zdroja \u2013 n\u00edzkoteplotn\u00e9 a kondenza\u010dn\u00e9 kotly, sol\u00e1rne kolektory, tepeln\u00e9 \u010derpadl\u00e1<\/span><\/li>\n<li><span style=\"font-family: arial, helvetica, sans-serif; font-size: 14pt;\">minimalizovanie vlhkosti stien, odstr\u00e1nenie plesn\u00ed \u2013 vhodn\u00e9 pre alergikov<\/span><\/li>\n<li><span style=\"font-family: arial, helvetica, sans-serif; font-size: 14pt;\">dobr\u00e1 regulovate\u013enos\u0165 a pru\u017enos\u0165<\/span><\/li>\n<li><span style=\"font-family: arial, helvetica, sans-serif; font-size: 14pt;\">mo\u017enos\u0165 vyu\u017ei\u0165 aj na chladenie<\/span><\/li>\n<li><span style=\"font-family: arial, helvetica, sans-serif; font-size: 14pt;\">klimatiz\u00e1cia bez prievanu<\/span><\/li>\n<li><span style=\"font-family: arial, helvetica, sans-serif; font-size: 14pt;\">stenov\u00e9 vykurovacie panely, v ktor\u00fdch s\u00fa r\u00farky ulo\u017een\u00e9 v sadrokart\u00f3nov\u00fdch dosk\u00e1ch, s\u00fa vhodn\u00e9 aj pre montovan\u00e9 stavby<\/span><\/li>\n<\/ul>\n<hr \/>\n<p>&nbsp;<\/p>\n<p><strong><span style=\"font-family: arial, helvetica, sans-serif; font-size: 14pt;\">\u2666\u00a0Radi\u00e1torov\u00e9 k\u00farenie\u00a0\u2666<\/span><\/strong><\/p>\n<p><span style=\"font-family: arial, helvetica, sans-serif; font-size: 14pt;\">V\u00fdhody radi\u00e1torov\u00e9ho \u2013 konvek\u010dn\u00e9ho k\u00farenia<\/span><\/p>\n<ul>\n<li><span style=\"font-family: arial, helvetica, sans-serif; font-size: 14pt;\">mal\u00e1 tepeln\u00e1 zotrva\u010dnos\u0165 syst\u00e9mu, teda vykurovacie teleso dok\u00e1\u017ee pru\u017ene reagova\u0165 na n\u00e1hle zmeny teploty najm\u00e4 v prechodn\u00fdch obdobiach<\/span><\/li>\n<li><span style=\"font-family: arial, helvetica, sans-serif; font-size: 14pt;\">niektor\u00e9 vykurovacie teles\u00e1 je mo\u017en\u00e9 pomerne jednoducho zv\u00e4\u010d\u0161i\u0165, pr\u00edpadne vymeni\u0165 po zateplen\u00ed objektu za in\u00e9<\/span><\/li>\n<li><span style=\"font-family: arial, helvetica, sans-serif; font-size: 14pt;\">toto k\u00farenie svoj\u00edm rie\u0161en\u00edm umo\u017e\u0148uje zmeny dispoz\u00edcie interi\u00e9ru<\/span><\/li>\n<li><span style=\"font-family: arial, helvetica, sans-serif; font-size: 14pt;\">vysok\u00e1 variabilita cel\u00e9ho k\u00farenia, po zateplen\u00ed alebo zmene \u00fa\u010delu objektu je mo\u017en\u00e9 k\u00farenie prisp\u00f4sobi\u0165 nov\u00fdm podmienkam<\/span><\/li>\n<li><span style=\"font-family: arial, helvetica, sans-serif; font-size: 14pt;\">pr\u00edpadn\u00e9 poruchy sa daj\u00fa r\u00fdchlo odhali\u0165 a odstr\u00e1ni\u0165<\/span><\/li>\n<\/ul>\n<hr \/>\n<p>&nbsp;<\/p>\n<p><strong><span style=\"font-family: arial, helvetica, sans-serif; font-size: 14pt;\">\u2666 Kotolne\u00a0\u2666<\/span><\/strong><\/p>\n<p><span style=\"font-family: arial, helvetica, sans-serif; font-size: 14pt;\">Zabezpe\u010dujeme:<\/span><\/p>\n<ul>\n<li><span style=\"font-family: arial, helvetica, sans-serif; font-size: 14pt;\">mont\u00e1\u017e nov\u00fdch kotoln\u00ed<\/span><\/li>\n<li><span style=\"font-family: arial, helvetica, sans-serif; font-size: 14pt;\">rekon\u0161trukciu star\u00fdch kotoln\u00ed<\/span><\/li>\n<li><span style=\"font-family: arial, helvetica, sans-serif; font-size: 14pt;\">v\u00fdmenu kotlov<\/span><\/li>\n<li><span style=\"font-family: arial, helvetica, sans-serif; font-size: 14pt;\">mont\u00e1\u017e tepeln\u00fdch \u010derpadiel<\/span><\/li>\n<li><span style=\"font-family: arial, helvetica, sans-serif; font-size: 14pt;\">z\u00e1ru\u010dn\u00fd a poz\u00e1ru\u010dn\u00fd servis kotlov v spolupr\u00e1ci s na\u0161imi partnermi<\/span><\/li>\n<\/ul>\n","protected":false},"excerpt":{"rendered":"<p>Mont\u00e1\u017e radi\u00e1torov, konvektorov, podlahov\u00e9 k\u00farenie, in\u0161tal\u00e1cia, v\u00fdmena a servis kotlov, mont\u00e1\u017e kotoln\u00ed\u2026 Dod\u00e1vka a mont\u00e1\u017e Mont\u00e1\u017e vykurovac\u00edch syst\u00e9mov \u2013 podlahov\u00e9 vykurovanie, radi\u00e1torov\u00e9 vykurovanie, predaj komponentov vykurovania. Zabezpe\u010dujeme mont\u00e1\u017e radi\u00e1torov\u00e9ho vykurovania s pou\u017eit\u00edm panelov\u00fdch plechov\u00fdch, liatinov\u00fdch, hlin\u00edkov\u00fdch radi\u00e1torov , s\u00e1lav\u00fdch panelov a konvektorov. Spolupracujeme s r\u00f4znymi dodavate\u013emi plynov\u00fdch , elektrick\u00fdch kotlov,<a href=\"https:\/\/instalater.eu.sk\/?page_id=47\" class=\"read-more\">Read More&#8230;<\/a><\/p>\n","protected":false},"author":1,"featured_media":0,"parent":18,"menu_order":0,"comment_status":"closed","ping_status":"closed","template":"","meta":{"footnotes":""},"class_list":["post-47","page","type-page","status-publish","hentry"],"yoast_head":"<!-- This site is optimized with the Yoast SEO plugin v27.0 - https:\/\/yoast.com\/product\/yoast-seo-wordpress\/ -->\n<title>K\u00farenie | instalater.eu.sk<\/title>\n<meta name=\"robots\" content=\"index, follow, max-snippet:-1, max-image-preview:large, max-video-preview:-1\" \/>\n<link rel=\"canonical\" href=\"https:\/\/instalater.eu.sk\/?page_id=47\" \/>\n<meta property=\"og:locale\" content=\"sk_SK\" \/>\n<meta property=\"og:type\" content=\"article\" \/>\n<meta property=\"og:title\" content=\"K\u00farenie | instalater.eu.sk\" \/>\n<meta property=\"og:description\" content=\"Mont\u00e1\u017e radi\u00e1torov, konvektorov, podlahov\u00e9 k\u00farenie, in\u0161tal\u00e1cia, v\u00fdmena a servis kotlov, mont\u00e1\u017e kotoln\u00ed\u2026 Dod\u00e1vka a mont\u00e1\u017e Mont\u00e1\u017e vykurovac\u00edch syst\u00e9mov \u2013 podlahov\u00e9 vykurovanie, radi\u00e1torov\u00e9 vykurovanie, predaj komponentov vykurovania. Zabezpe\u010dujeme mont\u00e1\u017e radi\u00e1torov\u00e9ho vykurovania s pou\u017eit\u00edm panelov\u00fdch plechov\u00fdch, liatinov\u00fdch, hlin\u00edkov\u00fdch radi\u00e1torov , s\u00e1lav\u00fdch panelov a konvektorov. Spolupracujeme s r\u00f4znymi dodavate\u013emi plynov\u00fdch , elektrick\u00fdch kotlov,Read More...\" \/>\n<meta property=\"og:url\" content=\"https:\/\/instalater.eu.sk\/?page_id=47\" \/>\n<meta property=\"og:site_name\" content=\"instalater.eu.sk\" \/>\n<meta property=\"article:modified_time\" content=\"2016-12-08T10:27:03+00:00\" \/>\n<meta property=\"og:image\" content=\"http:\/\/www.instalater.eu.sk\/wp-content\/uploads\/2016\/12\/thermostat-250556_1920-300x199.jpg\" \/>\n<meta name=\"twitter:card\" content=\"summary_large_image\" \/>\n<meta name=\"twitter:label1\" content=\"Predpokladan\u00fd \u010das \u010d\u00edtania\" \/>\n\t<meta name=\"twitter:data1\" content=\"2 min\u00faty\" \/>\n<script type=\"application\/ld+json\" class=\"yoast-schema-graph\">{\"@context\":\"https:\/\/schema.org\",\"@graph\":[{\"@type\":\"WebPage\",\"@id\":\"https:\/\/instalater.eu.sk\/?page_id=47\",\"url\":\"https:\/\/instalater.eu.sk\/?page_id=47\",\"name\":\"K\u00farenie | instalater.eu.sk\",\"isPartOf\":{\"@id\":\"https:\/\/instalater.eu.sk\/#website\"},\"primaryImageOfPage\":{\"@id\":\"https:\/\/instalater.eu.sk\/?page_id=47#primaryimage\"},\"image\":{\"@id\":\"https:\/\/instalater.eu.sk\/?page_id=47#primaryimage\"},\"thumbnailUrl\":\"http:\/\/www.instalater.eu.sk\/wp-content\/uploads\/2016\/12\/thermostat-250556_1920-300x199.jpg\",\"datePublished\":\"2016-12-02T13:57:24+00:00\",\"dateModified\":\"2016-12-08T10:27:03+00:00\",\"breadcrumb\":{\"@id\":\"https:\/\/instalater.eu.sk\/?page_id=47#breadcrumb\"},\"inLanguage\":\"sk-SK\",\"potentialAction\":[{\"@type\":\"ReadAction\",\"target\":[\"https:\/\/instalater.eu.sk\/?page_id=47\"]}]},{\"@type\":\"ImageObject\",\"inLanguage\":\"sk-SK\",\"@id\":\"https:\/\/instalater.eu.sk\/?page_id=47#primaryimage\",\"url\":\"http:\/\/www.instalater.eu.sk\/wp-content\/uploads\/2016\/12\/thermostat-250556_1920-300x199.jpg\",\"contentUrl\":\"http:\/\/www.instalater.eu.sk\/wp-content\/uploads\/2016\/12\/thermostat-250556_1920-300x199.jpg\"},{\"@type\":\"BreadcrumbList\",\"@id\":\"https:\/\/instalater.eu.sk\/?page_id=47#breadcrumb\",\"itemListElement\":[{\"@type\":\"ListItem\",\"position\":1,\"name\":\"Home\",\"item\":\"https:\/\/instalater.eu.sk\/\"},{\"@type\":\"ListItem\",\"position\":2,\"name\":\"Slu\u017eby\",\"item\":\"https:\/\/instalater.eu.sk\/?page_id=18\"},{\"@type\":\"ListItem\",\"position\":3,\"name\":\"K\u00farenie\"}]},{\"@type\":\"WebSite\",\"@id\":\"https:\/\/instalater.eu.sk\/#website\",\"url\":\"https:\/\/instalater.eu.sk\/\",\"name\":\"instalater.eu.sk\",\"description\":\"In\u0161talat\u00e9r Trnava JK-TT, voda, k\u00farenie, plyn, vodoin\u0161talat\u00e9r, k\u00faren\u00e1r, plyn\u00e1r, vodoin\u0161tal\u00e1cie\",\"potentialAction\":[{\"@type\":\"SearchAction\",\"target\":{\"@type\":\"EntryPoint\",\"urlTemplate\":\"https:\/\/instalater.eu.sk\/?s={search_term_string}\"},\"query-input\":{\"@type\":\"PropertyValueSpecification\",\"valueRequired\":true,\"valueName\":\"search_term_string\"}}],\"inLanguage\":\"sk-SK\"}]}<\/script>\n<!-- \/ Yoast SEO plugin. -->","yoast_head_json":{"title":"K\u00farenie | instalater.eu.sk","robots":{"index":"index","follow":"follow","max-snippet":"max-snippet:-1","max-image-preview":"max-image-preview:large","max-video-preview":"max-video-preview:-1"},"canonical":"https:\/\/instalater.eu.sk\/?page_id=47","og_locale":"sk_SK","og_type":"article","og_title":"K\u00farenie | instalater.eu.sk","og_description":"Mont\u00e1\u017e radi\u00e1torov, konvektorov, podlahov\u00e9 k\u00farenie, in\u0161tal\u00e1cia, v\u00fdmena a servis kotlov, mont\u00e1\u017e kotoln\u00ed\u2026 Dod\u00e1vka a mont\u00e1\u017e Mont\u00e1\u017e vykurovac\u00edch syst\u00e9mov \u2013 podlahov\u00e9 vykurovanie, radi\u00e1torov\u00e9 vykurovanie, predaj komponentov vykurovania. Zabezpe\u010dujeme mont\u00e1\u017e radi\u00e1torov\u00e9ho vykurovania s pou\u017eit\u00edm panelov\u00fdch plechov\u00fdch, liatinov\u00fdch, hlin\u00edkov\u00fdch radi\u00e1torov , s\u00e1lav\u00fdch panelov a konvektorov. Spolupracujeme s r\u00f4znymi dodavate\u013emi plynov\u00fdch , elektrick\u00fdch kotlov,Read More...","og_url":"https:\/\/instalater.eu.sk\/?page_id=47","og_site_name":"instalater.eu.sk","article_modified_time":"2016-12-08T10:27:03+00:00","og_image":[{"url":"http:\/\/www.instalater.eu.sk\/wp-content\/uploads\/2016\/12\/thermostat-250556_1920-300x199.jpg","type":"","width":"","height":""}],"twitter_card":"summary_large_image","twitter_misc":{"Predpokladan\u00fd \u010das \u010d\u00edtania":"2 min\u00faty"},"schema":{"@context":"https:\/\/schema.org","@graph":[{"@type":"WebPage","@id":"https:\/\/instalater.eu.sk\/?page_id=47","url":"https:\/\/instalater.eu.sk\/?page_id=47","name":"K\u00farenie | instalater.eu.sk","isPartOf":{"@id":"https:\/\/instalater.eu.sk\/#website"},"primaryImageOfPage":{"@id":"https:\/\/instalater.eu.sk\/?page_id=47#primaryimage"},"image":{"@id":"https:\/\/instalater.eu.sk\/?page_id=47#primaryimage"},"thumbnailUrl":"http:\/\/www.instalater.eu.sk\/wp-content\/uploads\/2016\/12\/thermostat-250556_1920-300x199.jpg","datePublished":"2016-12-02T13:57:24+00:00","dateModified":"2016-12-08T10:27:03+00:00","breadcrumb":{"@id":"https:\/\/instalater.eu.sk\/?page_id=47#breadcrumb"},"inLanguage":"sk-SK","potentialAction":[{"@type":"ReadAction","target":["https:\/\/instalater.eu.sk\/?page_id=47"]}]},{"@type":"ImageObject","inLanguage":"sk-SK","@id":"https:\/\/instalater.eu.sk\/?page_id=47#primaryimage","url":"http:\/\/www.instalater.eu.sk\/wp-content\/uploads\/2016\/12\/thermostat-250556_1920-300x199.jpg","contentUrl":"http:\/\/www.instalater.eu.sk\/wp-content\/uploads\/2016\/12\/thermostat-250556_1920-300x199.jpg"},{"@type":"BreadcrumbList","@id":"https:\/\/instalater.eu.sk\/?page_id=47#breadcrumb","itemListElement":[{"@type":"ListItem","position":1,"name":"Home","item":"https:\/\/instalater.eu.sk\/"},{"@type":"ListItem","position":2,"name":"Slu\u017eby","item":"https:\/\/instalater.eu.sk\/?page_id=18"},{"@type":"ListItem","position":3,"name":"K\u00farenie"}]},{"@type":"WebSite","@id":"https:\/\/instalater.eu.sk\/#website","url":"https:\/\/instalater.eu.sk\/","name":"instalater.eu.sk","description":"In\u0161talat\u00e9r Trnava JK-TT, voda, k\u00farenie, plyn, vodoin\u0161talat\u00e9r, k\u00faren\u00e1r, plyn\u00e1r, vodoin\u0161tal\u00e1cie","potentialAction":[{"@type":"SearchAction","target":{"@type":"EntryPoint","urlTemplate":"https:\/\/instalater.eu.sk\/?s={search_term_string}"},"query-input":{"@type":"PropertyValueSpecification","valueRequired":true,"valueName":"search_term_string"}}],"inLanguage":"sk-SK"}]}},"_links":{"self":[{"href":"https:\/\/instalater.eu.sk\/index.php?rest_route=\/wp\/v2\/pages\/47","targetHints":{"allow":["GET"]}}],"collection":[{"href":"https:\/\/instalater.eu.sk\/index.php?rest_route=\/wp\/v2\/pages"}],"about":[{"href":"https:\/\/instalater.eu.sk\/index.php?rest_route=\/wp\/v2\/types\/page"}],"author":[{"embeddable":true,"href":"https:\/\/instalater.eu.sk\/index.php?rest_route=\/wp\/v2\/users\/1"}],"replies":[{"embeddable":true,"href":"https:\/\/instalater.eu.sk\/index.php?rest_route=%2Fwp%2Fv2%2Fcomments&post=47"}],"version-history":[{"count":4,"href":"https:\/\/instalater.eu.sk\/index.php?rest_route=\/wp\/v2\/pages\/47\/revisions"}],"predecessor-version":[{"id":99,"href":"https:\/\/instalater.eu.sk\/index.php?rest_route=\/wp\/v2\/pages\/47\/revisions\/99"}],"up":[{"embeddable":true,"href":"https:\/\/instalater.eu.sk\/index.php?rest_route=\/wp\/v2\/pages\/18"}],"wp:attachment":[{"href":"https:\/\/instalater.eu.sk\/index.php?rest_route=%2Fwp%2Fv2%2Fmedia&parent=47"}],"curies":[{"name":"wp","href":"https:\/\/api.w.org\/{rel}","templated":true}]}}