{"id":23,"date":"2016-12-01T16:24:15","date_gmt":"2016-12-01T14:24:15","guid":{"rendered":"http:\/\/www.instalater.eu.sk\/?page_id=23"},"modified":"2023-10-14T09:11:24","modified_gmt":"2023-10-14T07:11:24","slug":"kontakt","status":"publish","type":"page","link":"https:\/\/instalater.eu.sk\/?page_id=23","title":{"rendered":"Kontakt"},"content":{"rendered":"<p><span style=\"font-family: arial, helvetica, sans-serif; font-size: 14pt;\">Faktura\u010dn\u00e1 adresa: Okru\u017en\u00e1 3, Trnava,<\/span><\/p>\n<p><span style=\"font-family: arial, helvetica, sans-serif; font-size: 14pt;\">Kancel\u00e1ria: Jeruzalemsk\u00e1 46, Trnava<\/span><\/p>\n<p><span style=\"font-family: arial, helvetica, sans-serif; font-size: 14pt;\">Skladov\u00e9 priestory a prev\u00e1dzka: Skladov\u00e1 2, Trnava<\/span><\/p>\n<p><span style=\"font-family: arial, helvetica, sans-serif; font-size: 14pt;\">\u00a0<\/span><\/p>\n<p><span style=\"font-family: arial, helvetica, sans-serif; font-size: 14pt;\">Tel: 0905624291, 0903380329<\/span><\/p>\n<p><span style=\"font-family: arial, helvetica, sans-serif; font-size: 14pt;\">e-mail: info@instalater.eu.sk<\/span><\/p>\n<div style=\"display:none\" class=\"fm-form-container fm-theme1\"><div id=\"fm-pages3\" class=\"fm-pages wdform_page_navigation \" show_title=\"false\" show_numbers=\"true\" type=\"none\"><\/div><form name=\"form3\" action=\"\/index.php?rest_route=%2Fwp%2Fv2%2Fpages%2F23\" method=\"post\" id=\"form3\" class=\"fm-form form3  \" enctype=\"multipart\/form-data\"><input type=\"hidden\" id=\"counter3\" value=\"6\" name=\"counter3\" \/><input type=\"hidden\" id=\"Itemid3\" value=\"\" name=\"Itemid3\" \/><input type=\"text\" class=\"fm-hide\" id=\"fm_bot_validation3\" value=\"\" name=\"fm_bot_validation3\" \/><input type=\"text\" class=\"fm-hide\" id=\"fm_empty_field_validation3\" value=\"\" name=\"fm_empty_field_validation3\" data-value=\"948c56a0e3d666419c7ae93ecbeddda3\" \/><input type=\"hidden\" id=\"fm_form_nonce3\" name=\"fm_form_nonce3\" value=\"e670e47dff\" \/><input type=\"hidden\" name=\"_wp_http_referer\" value=\"\/index.php?rest_route=%2Fwp%2Fv2%2Fpages%2F23\" \/><div class=\"wdform-page-and-images\" style=\"display:table; border-top:0px solid black;\"><div id=\"3form_view1\" class=\"wdform_page\" page_title=\"Untitled page\" next_title=\"Next\" next_type=\"text\" next_class=\"wdform-page-button\" next_checkable=\"false\" previous_title=\"Previous\" previous_type=\"text\" previous_class=\"wdform-page-button\" previous_checkable=\"false\"><div class=\"wdform_section\"><div class=\"wdform_column \"><div wdid=\"1\" class=\"wdform_row \"><div type=\"type_name\" class=\"wdform-field wd-width-100 wd-flex wd-flex-column\"><div class=\"wdform-label-section wd-width-100  wd-flex-row\" style=\"max-width: 150px;\">    <label  for=\"wdform_1_element_first3\" class=\"wdform-label\">Meno:<\/label><span class=\"wdform-required\">*<\/span><\/div><div class=\"wdform-element-section wd-flex  wd-flex-row wd-width-100\" style=\"max-width: 250px;\"><div class=\"wd-flex wd-flex-column wd-width-50\"><input type=\"text\" class=\"wd-width-100\" id=\"wdform_1_element_first3\" name=\"wdform_1_element_first3\" value=\"\" title=\"\" placeholder=\"\"  \/><label class=\"mini_label\" for=\"wdform_1_element_first3\">Meno<\/label><\/div><div class=\"wd-flex wd-flex-column wd-name-separator\"><\/div><div class=\"wd-flex wd-flex-column wd-width-50\"><input type=\"text\" class=\"wd-width-100\" id=\"wdform_1_element_last3\" name=\"wdform_1_element_last3\" value=\"\" title=\"\" placeholder=\"\"  \/><label class=\"mini_label\" for=\"wdform_1_element_last3\">Priezvisko<\/label><\/div><\/div><\/div><\/div><div wdid=\"2\" class=\"wdform_row \"><div type=\"type_submitter_mail\" class=\"wdform-field wd-width-100 wd-flex wd-flex-column\"><div class=\"wdform-label-section wd-width-100  wd-flex-row\" style=\"max-width: 150px;\">    <label  for=\"wdform_2_element3\" class=\"wdform-label\">E-mail:<\/label><span class=\"wdform-required\">*<\/span><\/div><div class=\"wdform-element-section wd-flex  wd-flex-row wd-width-100\" style=\"max-width: 300px;\"><input type=\"text\" class=\"wd-width-100\" id=\"wdform_2_element3\" name=\"wdform_2_element3\" value=\"\" title=\"\" placeholder=\"\"   onchange=\"wd_check_email('2', '3', 'This is not a valid email address.')\" \/><\/div><\/div><\/div><div wdid=\"5\" class=\"wdform_row \"><div type=\"type_textarea\" class=\"wdform-field wd-width-100 wd-flex wd-flex-column\"><div class=\"wdform-label-section wd-width-100 \" style=\"max-width: 150px;\">    <label  for=\"wdform_5_element3\" class=\"wdform-label\">Va\u0161a spr\u00e1va:<\/label><span class=\"wdform-required\">*<\/span><\/div><div class=\"wdform-element-section wd-flex  wd-width-100\" style=\"max-width: 400px;\"><textarea class=\"wd-width-100\"                      id=\"wdform_5_element3\"                      name=\"wdform_5_element3\"                      placeholder=\"\"                      style=\"height: 250px;\"                      ><\/textarea><\/div><\/div><\/div><div wdid=\"4\" class=\"wdform_row \"><div type=\"type_submit_reset\" class=\"wdform-field wd-width-100 wd-flex wd-flex-column\"><div class=\"wdform-element-section wd-flex  wd-flex-row wd-width-100\" ><button  type=\"button\" class=\"button-submit\" onclick=\"fm_submit_form('3');\"  data-ajax=\"0\"><span class=\"fm-submit-loading spinner fm-ico-spinner\"><\/span>ODOSLA\u0164!<\/button><button  type=\"button\" class=\"button-reset wd-hidden\" onclick=\"fm_reset_form(3);\" >Reset<\/button><\/div><\/div><\/div><\/div><\/div><div valign=\"top\" class=\"wdform_footer\" style=\"width: 100%;\"><div style=\"width: 100%;\"><div style=\"width: 100%; display: table;\"><div style=\"display: table-row-group;\"><div id=\"3page_nav1\" style=\"display: table-row;\"><\/div><\/div><\/div><\/div><\/div><\/div><\/div><div class=\"wdform_preload\"><\/div><\/form><\/div>\n<p><a href=\"http:\/\/www.petshop.eu.sk\/\">www.petshop.eu.sk<\/a><\/p>\n<p><a href=\"http:\/\/www.americkybezsrstyterier.sk\/\">www.americkybezsrstyterier.sk<\/a><\/p>\n<p><a href=\"http:\/\/www.americkybezsrstyterier.cz\/\">www.americkybezsrstyterier.cz<\/a><\/p>\n<p><a href=\"http:\/\/www.americanhairlessterrier.eu.sk\/\">www.americanhairlessterrier.eu.sk<\/a><\/p>\n<p><a href=\"http:\/\/www.instalater.eu.sk\/\">www.instalater.eu.sk<\/a><\/p>\n<p><a href=\"http:\/\/www.pethouse.sk\/\" target=\"blank\" rel=\"noopener noreferrer\">www.pethouse.sk<\/a><\/p>\n<p><a href=\"http:\/\/www.asociaciastrihacovpsov.sk\/\" target=\"blank\" rel=\"noopener noreferrer\">www.asociaciastrihacovpsov.sk<\/a><\/p>\n<p><a href=\"http:\/\/www.flash.eu.sk\/\">www.flash.eu.sk<\/a><\/p>\n<p><a href=\"http:\/\/www.kurzstrihaniapsov.sk\/\">www.kurzstrihaniapsov.sk\/<\/a><\/p>\n<p><a href=\"http:\/\/www.peknypes.sk\/\">www.peknypes.sk<\/a><\/p>\n<p><a href=\"http:\/\/www.stylovypes.sk\/\">www.stylovypes.sk<\/a><\/p>\n<p style=\"font-weight: 400;\"><a href=\"http:\/\/www.asociaciapsichsalonov.sk\/\">www.asociaciapsichsalonov.sk<\/a><\/p>\n<p style=\"font-weight: 400;\"><a href=\"http:\/\/www.zdruzeniestrihacovpsov.sk\/\">www.zdruzeniestrihacovpsov.sk<\/a><\/p>\n<p style=\"font-weight: 400;\"><a href=\"http:\/\/www.zdruzeniepsichsalonov.sk\/\">www.zdruzeniepsichsalonov.sk<\/a><\/p>\n","protected":false},"excerpt":{"rendered":"<p>Faktura\u010dn\u00e1 adresa: Okru\u017en\u00e1 3, Trnava, Kancel\u00e1ria: Jeruzalemsk\u00e1 46, Trnava Skladov\u00e9 priestory a prev\u00e1dzka: Skladov\u00e1 2, Trnava \u00a0 Tel: 0905624291, 0903380329 e-mail: info@instalater.eu.sk www.petshop.eu.sk www.americkybezsrstyterier.sk www.americkybezsrstyterier.cz www.americanhairlessterrier.eu.sk www.instalater.eu.sk www.pethouse.sk www.asociaciastrihacovpsov.sk www.flash.eu.sk www.kurzstrihaniapsov.sk\/ www.peknypes.sk www.stylovypes.sk www.asociaciapsichsalonov.sk www.zdruzeniestrihacovpsov.sk www.zdruzeniepsichsalonov.sk<\/p>\n","protected":false},"author":1,"featured_media":0,"parent":0,"menu_order":0,"comment_status":"closed","ping_status":"closed","template":"","meta":{"footnotes":""},"class_list":["post-23","page","type-page","status-publish","hentry"],"yoast_head":"<!-- This site is optimized with the Yoast SEO plugin v27.0 - https:\/\/yoast.com\/product\/yoast-seo-wordpress\/ -->\n<title>Kontakt | instalater.eu.sk<\/title>\n<meta name=\"robots\" content=\"index, follow, max-snippet:-1, max-image-preview:large, max-video-preview:-1\" \/>\n<link rel=\"canonical\" href=\"https:\/\/instalater.eu.sk\/?page_id=23\" \/>\n<meta property=\"og:locale\" content=\"sk_SK\" \/>\n<meta property=\"og:type\" content=\"article\" \/>\n<meta property=\"og:title\" content=\"Kontakt | instalater.eu.sk\" \/>\n<meta property=\"og:description\" content=\"Faktura\u010dn\u00e1 adresa: Okru\u017en\u00e1 3, Trnava, Kancel\u00e1ria: Jeruzalemsk\u00e1 46, Trnava Skladov\u00e9 priestory a prev\u00e1dzka: Skladov\u00e1 2, Trnava \u00a0 Tel: 0905624291, 0903380329 e-mail: info@instalater.eu.sk www.petshop.eu.sk www.americkybezsrstyterier.sk www.americkybezsrstyterier.cz www.americanhairlessterrier.eu.sk www.instalater.eu.sk www.pethouse.sk www.asociaciastrihacovpsov.sk www.flash.eu.sk www.kurzstrihaniapsov.sk\/ www.peknypes.sk www.stylovypes.sk www.asociaciapsichsalonov.sk www.zdruzeniestrihacovpsov.sk www.zdruzeniepsichsalonov.sk\" \/>\n<meta property=\"og:url\" content=\"https:\/\/instalater.eu.sk\/?page_id=23\" \/>\n<meta property=\"og:site_name\" content=\"instalater.eu.sk\" \/>\n<meta property=\"article:modified_time\" content=\"2023-10-14T07:11:24+00:00\" \/>\n<meta name=\"twitter:card\" content=\"summary_large_image\" \/>\n<meta name=\"twitter:label1\" content=\"Predpokladan\u00fd \u010das \u010d\u00edtania\" \/>\n\t<meta name=\"twitter:data1\" content=\"1 min\u00fata\" \/>\n<script type=\"application\/ld+json\" class=\"yoast-schema-graph\">{\"@context\":\"https:\/\/schema.org\",\"@graph\":[{\"@type\":\"WebPage\",\"@id\":\"https:\/\/instalater.eu.sk\/?page_id=23\",\"url\":\"https:\/\/instalater.eu.sk\/?page_id=23\",\"name\":\"Kontakt | instalater.eu.sk\",\"isPartOf\":{\"@id\":\"https:\/\/instalater.eu.sk\/#website\"},\"datePublished\":\"2016-12-01T14:24:15+00:00\",\"dateModified\":\"2023-10-14T07:11:24+00:00\",\"breadcrumb\":{\"@id\":\"https:\/\/instalater.eu.sk\/?page_id=23#breadcrumb\"},\"inLanguage\":\"sk-SK\",\"potentialAction\":[{\"@type\":\"ReadAction\",\"target\":[\"https:\/\/instalater.eu.sk\/?page_id=23\"]}]},{\"@type\":\"BreadcrumbList\",\"@id\":\"https:\/\/instalater.eu.sk\/?page_id=23#breadcrumb\",\"itemListElement\":[{\"@type\":\"ListItem\",\"position\":1,\"name\":\"Home\",\"item\":\"https:\/\/instalater.eu.sk\/\"},{\"@type\":\"ListItem\",\"position\":2,\"name\":\"Kontakt\"}]},{\"@type\":\"WebSite\",\"@id\":\"https:\/\/instalater.eu.sk\/#website\",\"url\":\"https:\/\/instalater.eu.sk\/\",\"name\":\"instalater.eu.sk\",\"description\":\"In\u0161talat\u00e9r Trnava JK-TT, voda, k\u00farenie, plyn, vodoin\u0161talat\u00e9r, k\u00faren\u00e1r, plyn\u00e1r, vodoin\u0161tal\u00e1cie\",\"potentialAction\":[{\"@type\":\"SearchAction\",\"target\":{\"@type\":\"EntryPoint\",\"urlTemplate\":\"https:\/\/instalater.eu.sk\/?s={search_term_string}\"},\"query-input\":{\"@type\":\"PropertyValueSpecification\",\"valueRequired\":true,\"valueName\":\"search_term_string\"}}],\"inLanguage\":\"sk-SK\"}]}<\/script>\n<!-- \/ Yoast SEO plugin. -->","yoast_head_json":{"title":"Kontakt | instalater.eu.sk","robots":{"index":"index","follow":"follow","max-snippet":"max-snippet:-1","max-image-preview":"max-image-preview:large","max-video-preview":"max-video-preview:-1"},"canonical":"https:\/\/instalater.eu.sk\/?page_id=23","og_locale":"sk_SK","og_type":"article","og_title":"Kontakt | instalater.eu.sk","og_description":"Faktura\u010dn\u00e1 adresa: Okru\u017en\u00e1 3, Trnava, Kancel\u00e1ria: Jeruzalemsk\u00e1 46, Trnava Skladov\u00e9 priestory a prev\u00e1dzka: Skladov\u00e1 2, Trnava \u00a0 Tel: 0905624291, 0903380329 e-mail: info@instalater.eu.sk www.petshop.eu.sk www.americkybezsrstyterier.sk www.americkybezsrstyterier.cz www.americanhairlessterrier.eu.sk www.instalater.eu.sk www.pethouse.sk www.asociaciastrihacovpsov.sk www.flash.eu.sk www.kurzstrihaniapsov.sk\/ www.peknypes.sk www.stylovypes.sk www.asociaciapsichsalonov.sk www.zdruzeniestrihacovpsov.sk www.zdruzeniepsichsalonov.sk","og_url":"https:\/\/instalater.eu.sk\/?page_id=23","og_site_name":"instalater.eu.sk","article_modified_time":"2023-10-14T07:11:24+00:00","twitter_card":"summary_large_image","twitter_misc":{"Predpokladan\u00fd \u010das \u010d\u00edtania":"1 min\u00fata"},"schema":{"@context":"https:\/\/schema.org","@graph":[{"@type":"WebPage","@id":"https:\/\/instalater.eu.sk\/?page_id=23","url":"https:\/\/instalater.eu.sk\/?page_id=23","name":"Kontakt | instalater.eu.sk","isPartOf":{"@id":"https:\/\/instalater.eu.sk\/#website"},"datePublished":"2016-12-01T14:24:15+00:00","dateModified":"2023-10-14T07:11:24+00:00","breadcrumb":{"@id":"https:\/\/instalater.eu.sk\/?page_id=23#breadcrumb"},"inLanguage":"sk-SK","potentialAction":[{"@type":"ReadAction","target":["https:\/\/instalater.eu.sk\/?page_id=23"]}]},{"@type":"BreadcrumbList","@id":"https:\/\/instalater.eu.sk\/?page_id=23#breadcrumb","itemListElement":[{"@type":"ListItem","position":1,"name":"Home","item":"https:\/\/instalater.eu.sk\/"},{"@type":"ListItem","position":2,"name":"Kontakt"}]},{"@type":"WebSite","@id":"https:\/\/instalater.eu.sk\/#website","url":"https:\/\/instalater.eu.sk\/","name":"instalater.eu.sk","description":"In\u0161talat\u00e9r Trnava JK-TT, voda, k\u00farenie, plyn, vodoin\u0161talat\u00e9r, k\u00faren\u00e1r, plyn\u00e1r, vodoin\u0161tal\u00e1cie","potentialAction":[{"@type":"SearchAction","target":{"@type":"EntryPoint","urlTemplate":"https:\/\/instalater.eu.sk\/?s={search_term_string}"},"query-input":{"@type":"PropertyValueSpecification","valueRequired":true,"valueName":"search_term_string"}}],"inLanguage":"sk-SK"}]}},"_links":{"self":[{"href":"https:\/\/instalater.eu.sk\/index.php?rest_route=\/wp\/v2\/pages\/23","targetHints":{"allow":["GET"]}}],"collection":[{"href":"https:\/\/instalater.eu.sk\/index.php?rest_route=\/wp\/v2\/pages"}],"about":[{"href":"https:\/\/instalater.eu.sk\/index.php?rest_route=\/wp\/v2\/types\/page"}],"author":[{"embeddable":true,"href":"https:\/\/instalater.eu.sk\/index.php?rest_route=\/wp\/v2\/users\/1"}],"replies":[{"embeddable":true,"href":"https:\/\/instalater.eu.sk\/index.php?rest_route=%2Fwp%2Fv2%2Fcomments&post=23"}],"version-history":[{"count":11,"href":"https:\/\/instalater.eu.sk\/index.php?rest_route=\/wp\/v2\/pages\/23\/revisions"}],"predecessor-version":[{"id":119,"href":"https:\/\/instalater.eu.sk\/index.php?rest_route=\/wp\/v2\/pages\/23\/revisions\/119"}],"wp:attachment":[{"href":"https:\/\/instalater.eu.sk\/index.php?rest_route=%2Fwp%2Fv2%2Fmedia&parent=23"}],"curies":[{"name":"wp","href":"https:\/\/api.w.org\/{rel}","templated":true}]}}