{"id":2,"date":"2016-01-25T11:26:17","date_gmt":"2016-01-25T09:26:17","guid":{"rendered":"http:\/\/www.instalater.eu.sk\/?page_id=2"},"modified":"2016-12-08T12:16:26","modified_gmt":"2016-12-08T10:16:26","slug":"ukazka-strany","status":"publish","type":"page","link":"https:\/\/instalater.eu.sk\/?page_id=2","title":{"rendered":"O n\u00e1s"},"content":{"rendered":"<p><strong><span style=\"font-family: arial, helvetica, sans-serif; font-size: 14pt;\">Ako ka\u017ed\u00e1 firma aj na\u0161a pre\u0161la r\u00f4znym v\u00fdvojom. Bola zalo\u017een\u00e1 ako \u017eivnos\u0165 v roku 1992 a jej hlavn\u00e9 zameranie bolo plynoin\u0161tal\u00e1cie, vodoin\u0161tal\u00e1cie a mont\u00e1\u017e \u00fastredn\u00e9ho k\u00farenia a stla\u010den\u00e9ho vzduchu<\/span><\/strong><\/p>\n<p><strong><span style=\"font-family: arial, helvetica, sans-serif; font-size: 14pt;\">Postupne ako sa firma rozrastala o st\u00e1le v\u00e4\u010d\u0161\u00ed a v\u00e4\u010d\u0161\u00ed po\u010det zamestnancov a z\u00e1kazok aj jej pr\u00e1vna forma sa v roku 2008 zmenila na spolo\u010dnos\u0165 s ru\u010den\u00edm obmedzen\u00fdm a jej s\u00fa\u010dasn\u00fd n\u00e1zov je J-K TT, spol. s r. o.<\/span><\/strong><\/p>\n<p><span style=\"font-family: arial, helvetica, sans-serif; font-size: 14pt;\">Firma J-K TT, spol. s r. o. vykon\u00e1va:<\/span><br \/>\n<span style=\"font-family: arial, helvetica, sans-serif; font-size: 14pt;\"> &#8211; vodoin\u0161tal\u00e1cie a k\u00faren\u00e1rstvo<\/span><br \/>\n<span style=\"font-family: arial, helvetica, sans-serif; font-size: 14pt;\"> &#8211; mont\u00e1\u017e, rekon\u0161trukcia a \u00fadr\u017eba vyhraden\u00fdch technick\u00fdch zariaden\u00ed plynov\u00fdch<\/span><br \/>\n<span style=\"font-family: arial, helvetica, sans-serif; font-size: 14pt;\"> &#8211; v\u00fdroba jednoduch\u00fdch v\u00fdrobkov z kovu<\/span><br \/>\n<span style=\"font-family: arial, helvetica, sans-serif; font-size: 14pt;\"> &#8211; dokon\u010dovacie stavebn\u00e9 pr\u00e1ce pri realiz\u00e1cii exteri\u00e9rov a interi\u00e9rov<\/span><br \/>\n<span style=\"font-family: arial, helvetica, sans-serif; font-size: 14pt;\"> &#8211; uskuto\u010dnenie stavieb a ich zmien<\/span><br \/>\n<span style=\"font-family: arial, helvetica, sans-serif; font-size: 14pt;\"> &#8211; pr\u00edpravn\u00e9 pr\u00e1ce k realiz\u00e1cii stavby<\/span><br \/>\n<span style=\"font-family: arial, helvetica, sans-serif; font-size: 14pt;\"> &#8211; k\u00fapa tovaru na \u00fa\u010dely jeho predaja kone\u010dn\u00e9mu spotrebite\u013eovi (maloobchod) alebo in\u00fdm prev\u00e1dzkovate\u013eom \u017eivnosti (ve\u013ekoobchod)<\/span><br \/>\n<span style=\"font-family: arial, helvetica, sans-serif; font-size: 14pt;\"> &#8211; sprostredkovate\u013esk\u00e1 \u010dinnos\u0165 v oblasti obchodu, slu\u017eieb a v\u00fdroby<\/span><br \/>\n<span style=\"font-family: arial, helvetica, sans-serif; font-size: 14pt;\"> &#8211; pren\u00e1jom nehnute\u013enost\u00ed spojen\u00fd s poskytovan\u00edm in\u00fdch ne\u017e z\u00e1kladn\u00fdch slu\u017eieb spojen\u00fdch s pren\u00e1jmom<\/span><br \/>\n<span style=\"font-family: arial, helvetica, sans-serif; font-size: 14pt;\"> &#8211; reklamn\u00e9 a marketingov\u00e9 slu\u017eby<\/span><\/p>\n","protected":false},"excerpt":{"rendered":"<p>Ako ka\u017ed\u00e1 firma aj na\u0161a pre\u0161la r\u00f4znym v\u00fdvojom. Bola zalo\u017een\u00e1 ako \u017eivnos\u0165 v roku 1992 a jej hlavn\u00e9 zameranie bolo plynoin\u0161tal\u00e1cie, vodoin\u0161tal\u00e1cie a mont\u00e1\u017e \u00fastredn\u00e9ho k\u00farenia a stla\u010den\u00e9ho vzduchu Postupne ako sa firma rozrastala o st\u00e1le v\u00e4\u010d\u0161\u00ed a v\u00e4\u010d\u0161\u00ed po\u010det zamestnancov a z\u00e1kazok aj jej pr\u00e1vna forma sa v roku<a href=\"https:\/\/instalater.eu.sk\/?page_id=2\" class=\"read-more\">Read More&#8230;<\/a><\/p>\n","protected":false},"author":1,"featured_media":0,"parent":0,"menu_order":0,"comment_status":"closed","ping_status":"open","template":"","meta":{"footnotes":""},"class_list":["post-2","page","type-page","status-publish","hentry"],"yoast_head":"<!-- This site is optimized with the Yoast SEO plugin v27.0 - https:\/\/yoast.com\/product\/yoast-seo-wordpress\/ -->\n<title>O n\u00e1s | instalater.eu.sk<\/title>\n<meta name=\"robots\" content=\"index, follow, max-snippet:-1, max-image-preview:large, max-video-preview:-1\" \/>\n<link rel=\"canonical\" href=\"https:\/\/instalater.eu.sk\/?page_id=2\" \/>\n<meta property=\"og:locale\" content=\"sk_SK\" \/>\n<meta property=\"og:type\" content=\"article\" \/>\n<meta property=\"og:title\" content=\"O n\u00e1s | instalater.eu.sk\" \/>\n<meta property=\"og:description\" content=\"Ako ka\u017ed\u00e1 firma aj na\u0161a pre\u0161la r\u00f4znym v\u00fdvojom. Bola zalo\u017een\u00e1 ako \u017eivnos\u0165 v roku 1992 a jej hlavn\u00e9 zameranie bolo plynoin\u0161tal\u00e1cie, vodoin\u0161tal\u00e1cie a mont\u00e1\u017e \u00fastredn\u00e9ho k\u00farenia a stla\u010den\u00e9ho vzduchu Postupne ako sa firma rozrastala o st\u00e1le v\u00e4\u010d\u0161\u00ed a v\u00e4\u010d\u0161\u00ed po\u010det zamestnancov a z\u00e1kazok aj jej pr\u00e1vna forma sa v rokuRead More...\" \/>\n<meta property=\"og:url\" content=\"https:\/\/instalater.eu.sk\/?page_id=2\" \/>\n<meta property=\"og:site_name\" content=\"instalater.eu.sk\" \/>\n<meta property=\"article:modified_time\" content=\"2016-12-08T10:16:26+00:00\" \/>\n<meta name=\"twitter:card\" content=\"summary_large_image\" \/>\n<meta name=\"twitter:label1\" content=\"Predpokladan\u00fd \u010das \u010d\u00edtania\" \/>\n\t<meta name=\"twitter:data1\" content=\"1 min\u00fata\" \/>\n<script type=\"application\/ld+json\" class=\"yoast-schema-graph\">{\"@context\":\"https:\/\/schema.org\",\"@graph\":[{\"@type\":\"WebPage\",\"@id\":\"https:\/\/instalater.eu.sk\/?page_id=2\",\"url\":\"https:\/\/instalater.eu.sk\/?page_id=2\",\"name\":\"O n\u00e1s | instalater.eu.sk\",\"isPartOf\":{\"@id\":\"https:\/\/instalater.eu.sk\/#website\"},\"datePublished\":\"2016-01-25T09:26:17+00:00\",\"dateModified\":\"2016-12-08T10:16:26+00:00\",\"breadcrumb\":{\"@id\":\"https:\/\/instalater.eu.sk\/?page_id=2#breadcrumb\"},\"inLanguage\":\"sk-SK\",\"potentialAction\":[{\"@type\":\"ReadAction\",\"target\":[\"https:\/\/instalater.eu.sk\/?page_id=2\"]}]},{\"@type\":\"BreadcrumbList\",\"@id\":\"https:\/\/instalater.eu.sk\/?page_id=2#breadcrumb\",\"itemListElement\":[{\"@type\":\"ListItem\",\"position\":1,\"name\":\"Home\",\"item\":\"https:\/\/instalater.eu.sk\/\"},{\"@type\":\"ListItem\",\"position\":2,\"name\":\"O n\u00e1s\"}]},{\"@type\":\"WebSite\",\"@id\":\"https:\/\/instalater.eu.sk\/#website\",\"url\":\"https:\/\/instalater.eu.sk\/\",\"name\":\"instalater.eu.sk\",\"description\":\"In\u0161talat\u00e9r Trnava JK-TT, voda, k\u00farenie, plyn, vodoin\u0161talat\u00e9r, k\u00faren\u00e1r, plyn\u00e1r, vodoin\u0161tal\u00e1cie\",\"potentialAction\":[{\"@type\":\"SearchAction\",\"target\":{\"@type\":\"EntryPoint\",\"urlTemplate\":\"https:\/\/instalater.eu.sk\/?s={search_term_string}\"},\"query-input\":{\"@type\":\"PropertyValueSpecification\",\"valueRequired\":true,\"valueName\":\"search_term_string\"}}],\"inLanguage\":\"sk-SK\"}]}<\/script>\n<!-- \/ Yoast SEO plugin. -->","yoast_head_json":{"title":"O n\u00e1s | instalater.eu.sk","robots":{"index":"index","follow":"follow","max-snippet":"max-snippet:-1","max-image-preview":"max-image-preview:large","max-video-preview":"max-video-preview:-1"},"canonical":"https:\/\/instalater.eu.sk\/?page_id=2","og_locale":"sk_SK","og_type":"article","og_title":"O n\u00e1s | instalater.eu.sk","og_description":"Ako ka\u017ed\u00e1 firma aj na\u0161a pre\u0161la r\u00f4znym v\u00fdvojom. Bola zalo\u017een\u00e1 ako \u017eivnos\u0165 v roku 1992 a jej hlavn\u00e9 zameranie bolo plynoin\u0161tal\u00e1cie, vodoin\u0161tal\u00e1cie a mont\u00e1\u017e \u00fastredn\u00e9ho k\u00farenia a stla\u010den\u00e9ho vzduchu Postupne ako sa firma rozrastala o st\u00e1le v\u00e4\u010d\u0161\u00ed a v\u00e4\u010d\u0161\u00ed po\u010det zamestnancov a z\u00e1kazok aj jej pr\u00e1vna forma sa v rokuRead More...","og_url":"https:\/\/instalater.eu.sk\/?page_id=2","og_site_name":"instalater.eu.sk","article_modified_time":"2016-12-08T10:16:26+00:00","twitter_card":"summary_large_image","twitter_misc":{"Predpokladan\u00fd \u010das \u010d\u00edtania":"1 min\u00fata"},"schema":{"@context":"https:\/\/schema.org","@graph":[{"@type":"WebPage","@id":"https:\/\/instalater.eu.sk\/?page_id=2","url":"https:\/\/instalater.eu.sk\/?page_id=2","name":"O n\u00e1s | instalater.eu.sk","isPartOf":{"@id":"https:\/\/instalater.eu.sk\/#website"},"datePublished":"2016-01-25T09:26:17+00:00","dateModified":"2016-12-08T10:16:26+00:00","breadcrumb":{"@id":"https:\/\/instalater.eu.sk\/?page_id=2#breadcrumb"},"inLanguage":"sk-SK","potentialAction":[{"@type":"ReadAction","target":["https:\/\/instalater.eu.sk\/?page_id=2"]}]},{"@type":"BreadcrumbList","@id":"https:\/\/instalater.eu.sk\/?page_id=2#breadcrumb","itemListElement":[{"@type":"ListItem","position":1,"name":"Home","item":"https:\/\/instalater.eu.sk\/"},{"@type":"ListItem","position":2,"name":"O n\u00e1s"}]},{"@type":"WebSite","@id":"https:\/\/instalater.eu.sk\/#website","url":"https:\/\/instalater.eu.sk\/","name":"instalater.eu.sk","description":"In\u0161talat\u00e9r Trnava JK-TT, voda, k\u00farenie, plyn, vodoin\u0161talat\u00e9r, k\u00faren\u00e1r, plyn\u00e1r, vodoin\u0161tal\u00e1cie","potentialAction":[{"@type":"SearchAction","target":{"@type":"EntryPoint","urlTemplate":"https:\/\/instalater.eu.sk\/?s={search_term_string}"},"query-input":{"@type":"PropertyValueSpecification","valueRequired":true,"valueName":"search_term_string"}}],"inLanguage":"sk-SK"}]}},"_links":{"self":[{"href":"https:\/\/instalater.eu.sk\/index.php?rest_route=\/wp\/v2\/pages\/2","targetHints":{"allow":["GET"]}}],"collection":[{"href":"https:\/\/instalater.eu.sk\/index.php?rest_route=\/wp\/v2\/pages"}],"about":[{"href":"https:\/\/instalater.eu.sk\/index.php?rest_route=\/wp\/v2\/types\/page"}],"author":[{"embeddable":true,"href":"https:\/\/instalater.eu.sk\/index.php?rest_route=\/wp\/v2\/users\/1"}],"replies":[{"embeddable":true,"href":"https:\/\/instalater.eu.sk\/index.php?rest_route=%2Fwp%2Fv2%2Fcomments&post=2"}],"version-history":[{"count":7,"href":"https:\/\/instalater.eu.sk\/index.php?rest_route=\/wp\/v2\/pages\/2\/revisions"}],"predecessor-version":[{"id":92,"href":"https:\/\/instalater.eu.sk\/index.php?rest_route=\/wp\/v2\/pages\/2\/revisions\/92"}],"wp:attachment":[{"href":"https:\/\/instalater.eu.sk\/index.php?rest_route=%2Fwp%2Fv2%2Fmedia&parent=2"}],"curies":[{"name":"wp","href":"https:\/\/api.w.org\/{rel}","templated":true}]}}