{"id":18,"date":"2016-12-01T16:19:09","date_gmt":"2016-12-01T14:19:09","guid":{"rendered":"http:\/\/www.instalater.eu.sk\/?page_id=18"},"modified":"2016-12-08T12:22:33","modified_gmt":"2016-12-08T10:22:33","slug":"sluzby","status":"publish","type":"page","link":"https:\/\/instalater.eu.sk\/?page_id=18","title":{"rendered":"Slu\u017eby"},"content":{"rendered":"<p style=\"text-align: center;\"><span style=\"font-family: arial, helvetica, sans-serif;\"><span style=\"font-size: 18pt;\">Sanita<\/span><a href=\"http:\/\/www.instalater.eu.sk\/?page_id=42\"><img loading=\"lazy\" decoding=\"async\" class=\"aligncenter wp-image-58 size-medium\" src=\"http:\/\/www.instalater.eu.sk\/wp-content\/uploads\/2016\/12\/bathroom-1336164_1920-300x199.jpg\" alt=\"instalater.eu.sk bathroom-1336164_1920-300x199 Slu\u017eby  \" width=\"300\" height=\"199\" srcset=\"https:\/\/instalater.eu.sk\/wp-content\/uploads\/2016\/12\/bathroom-1336164_1920-300x199.jpg 300w, https:\/\/instalater.eu.sk\/wp-content\/uploads\/2016\/12\/bathroom-1336164_1920-768x510.jpg 768w, https:\/\/instalater.eu.sk\/wp-content\/uploads\/2016\/12\/bathroom-1336164_1920-1024x680.jpg 1024w, https:\/\/instalater.eu.sk\/wp-content\/uploads\/2016\/12\/bathroom-1336164_1920.jpg 1920w\" sizes=\"auto, (max-width: 300px) 100vw, 300px\" \/><\/a><\/span><\/p>\n<p style=\"text-align: center;\"><span style=\"font-family: arial, helvetica, sans-serif; font-size: 14pt;\"><a href=\"http:\/\/www.instalater.eu.sk\/?page_id=42\">Zobrazi\u0165 viac<\/a><\/span><\/p>\n<p>&nbsp;<\/p>\n<p style=\"text-align: center;\"><span style=\"font-family: arial, helvetica, sans-serif;\"><span style=\"font-size: 18pt;\">Kanaliz\u00e1cia<\/span><a href=\"http:\/\/www.instalater.eu.sk\/?page_id=45\"><img loading=\"lazy\" decoding=\"async\" class=\"aligncenter wp-image-66 size-medium\" src=\"http:\/\/www.instalater.eu.sk\/wp-content\/uploads\/2016\/12\/Sansewer-300x225.jpg\" alt=\"instalater.eu.sk Sansewer-300x225 Slu\u017eby  \" width=\"300\" height=\"225\" srcset=\"https:\/\/instalater.eu.sk\/wp-content\/uploads\/2016\/12\/Sansewer-300x225.jpg 300w, https:\/\/instalater.eu.sk\/wp-content\/uploads\/2016\/12\/Sansewer-768x576.jpg 768w, https:\/\/instalater.eu.sk\/wp-content\/uploads\/2016\/12\/Sansewer-1024x768.jpg 1024w\" sizes=\"auto, (max-width: 300px) 100vw, 300px\" \/><\/a><\/span><\/p>\n<p style=\"text-align: center;\"><span style=\"font-family: arial, helvetica, sans-serif; font-size: 14pt;\"><a href=\"http:\/\/www.instalater.eu.sk\/?page_id=45\">Zobrazi\u0165 viac<\/a><\/span><\/p>\n<p>&nbsp;<\/p>\n<p style=\"text-align: center;\"><span style=\"font-family: arial, helvetica, sans-serif;\"><span style=\"font-size: 18pt;\">K\u00farenie<\/span><a href=\"http:\/\/www.instalater.eu.sk\/?page_id=47\"><img loading=\"lazy\" decoding=\"async\" class=\"aligncenter wp-image-62 size-medium\" src=\"http:\/\/www.instalater.eu.sk\/wp-content\/uploads\/2016\/12\/thermostat-250556_1920-300x199.jpg\" alt=\"instalater.eu.sk thermostat-250556_1920-300x199 Slu\u017eby  \" width=\"300\" height=\"199\" srcset=\"https:\/\/instalater.eu.sk\/wp-content\/uploads\/2016\/12\/thermostat-250556_1920-300x199.jpg 300w, https:\/\/instalater.eu.sk\/wp-content\/uploads\/2016\/12\/thermostat-250556_1920-768x510.jpg 768w, https:\/\/instalater.eu.sk\/wp-content\/uploads\/2016\/12\/thermostat-250556_1920-1024x680.jpg 1024w, https:\/\/instalater.eu.sk\/wp-content\/uploads\/2016\/12\/thermostat-250556_1920.jpg 1920w\" sizes=\"auto, (max-width: 300px) 100vw, 300px\" \/><\/a><\/span><\/p>\n<p style=\"text-align: center;\"><span style=\"font-family: arial, helvetica, sans-serif; font-size: 14pt;\"><a href=\"http:\/\/www.instalater.eu.sk\/?page_id=47\">Zobrazi\u0165 viac<\/a><\/span><\/p>\n<p>&nbsp;<\/p>\n<p style=\"text-align: center;\"><span style=\"font-family: arial, helvetica, sans-serif;\"><span style=\"font-size: 18pt;\">Zdravotechnika<\/span><a href=\"http:\/\/www.instalater.eu.sk\/?page_id=49\"><img loading=\"lazy\" decoding=\"async\" class=\"aligncenter wp-image-85 size-medium\" src=\"http:\/\/www.instalater.eu.sk\/wp-content\/uploads\/2016\/12\/Zdravotechnika-300x168.jpg\" alt=\"instalater.eu.sk Zdravotechnika-300x168 Slu\u017eby  \" width=\"300\" height=\"168\" srcset=\"https:\/\/instalater.eu.sk\/wp-content\/uploads\/2016\/12\/Zdravotechnika-300x168.jpg 300w, https:\/\/instalater.eu.sk\/wp-content\/uploads\/2016\/12\/Zdravotechnika-768x431.jpg 768w, https:\/\/instalater.eu.sk\/wp-content\/uploads\/2016\/12\/Zdravotechnika.jpg 800w\" sizes=\"auto, (max-width: 300px) 100vw, 300px\" \/><\/a><\/span><\/p>\n<p style=\"text-align: center;\"><span style=\"font-family: arial, helvetica, sans-serif;\"><a href=\"http:\/\/www.instalater.eu.sk\/?page_id=49\"><span style=\"font-size: 14pt;\">Zobrazi\u0165 viac<\/span> <\/a><\/span><\/p>\n<p>&nbsp;<\/p>\n<p style=\"text-align: center;\"><span style=\"font-family: arial, helvetica, sans-serif;\"><span style=\"font-size: 18pt;\">Plynoin\u0161tal\u00e1cia<\/span><a href=\"http:\/\/www.instalater.eu.sk\/?page_id=51\"><img loading=\"lazy\" decoding=\"async\" class=\"aligncenter wp-image-60 size-medium\" src=\"http:\/\/www.instalater.eu.sk\/wp-content\/uploads\/2016\/12\/boiler-1060755_960_720-300x200.jpg\" alt=\"instalater.eu.sk boiler-1060755_960_720-300x200 Slu\u017eby  \" width=\"300\" height=\"200\" srcset=\"https:\/\/instalater.eu.sk\/wp-content\/uploads\/2016\/12\/boiler-1060755_960_720-300x200.jpg 300w, https:\/\/instalater.eu.sk\/wp-content\/uploads\/2016\/12\/boiler-1060755_960_720-768x512.jpg 768w, https:\/\/instalater.eu.sk\/wp-content\/uploads\/2016\/12\/boiler-1060755_960_720.jpg 960w\" sizes=\"auto, (max-width: 300px) 100vw, 300px\" \/><\/a><\/span><\/p>\n<p style=\"text-align: center;\"><span style=\"font-size: 14pt;\"><a href=\"http:\/\/www.instalater.eu.sk\/?page_id=51\"><span style=\"font-family: arial, helvetica, sans-serif;\">Zobrazi\u0165 viac<\/span> <\/a><\/span><\/p>\n","protected":false},"excerpt":{"rendered":"<p>Sanita Zobrazi\u0165 viac &nbsp; Kanaliz\u00e1cia Zobrazi\u0165 viac &nbsp; K\u00farenie Zobrazi\u0165 viac &nbsp; Zdravotechnika Zobrazi\u0165 viac &nbsp; Plynoin\u0161tal\u00e1cia Zobrazi\u0165 viac<\/p>\n","protected":false},"author":1,"featured_media":0,"parent":0,"menu_order":0,"comment_status":"closed","ping_status":"closed","template":"","meta":{"footnotes":""},"class_list":["post-18","page","type-page","status-publish","hentry"],"yoast_head":"<!-- This site is optimized with the Yoast SEO plugin v27.0 - https:\/\/yoast.com\/product\/yoast-seo-wordpress\/ -->\n<title>Slu\u017eby | instalater.eu.sk<\/title>\n<meta name=\"robots\" content=\"index, follow, max-snippet:-1, max-image-preview:large, max-video-preview:-1\" \/>\n<link rel=\"canonical\" href=\"https:\/\/instalater.eu.sk\/?page_id=18\" \/>\n<meta property=\"og:locale\" content=\"sk_SK\" \/>\n<meta property=\"og:type\" content=\"article\" \/>\n<meta property=\"og:title\" content=\"Slu\u017eby | instalater.eu.sk\" \/>\n<meta property=\"og:description\" content=\"Sanita Zobrazi\u0165 viac &nbsp; Kanaliz\u00e1cia Zobrazi\u0165 viac &nbsp; K\u00farenie Zobrazi\u0165 viac &nbsp; Zdravotechnika Zobrazi\u0165 viac &nbsp; Plynoin\u0161tal\u00e1cia Zobrazi\u0165 viac\" \/>\n<meta property=\"og:url\" content=\"https:\/\/instalater.eu.sk\/?page_id=18\" \/>\n<meta property=\"og:site_name\" content=\"instalater.eu.sk\" \/>\n<meta property=\"article:modified_time\" content=\"2016-12-08T10:22:33+00:00\" \/>\n<meta property=\"og:image\" content=\"http:\/\/www.instalater.eu.sk\/wp-content\/uploads\/2016\/12\/bathroom-1336164_1920-300x199.jpg\" \/>\n<meta name=\"twitter:card\" content=\"summary_large_image\" \/>\n<script type=\"application\/ld+json\" class=\"yoast-schema-graph\">{\"@context\":\"https:\/\/schema.org\",\"@graph\":[{\"@type\":\"WebPage\",\"@id\":\"https:\/\/instalater.eu.sk\/?page_id=18\",\"url\":\"https:\/\/instalater.eu.sk\/?page_id=18\",\"name\":\"Slu\u017eby | instalater.eu.sk\",\"isPartOf\":{\"@id\":\"https:\/\/instalater.eu.sk\/#website\"},\"primaryImageOfPage\":{\"@id\":\"https:\/\/instalater.eu.sk\/?page_id=18#primaryimage\"},\"image\":{\"@id\":\"https:\/\/instalater.eu.sk\/?page_id=18#primaryimage\"},\"thumbnailUrl\":\"http:\/\/www.instalater.eu.sk\/wp-content\/uploads\/2016\/12\/bathroom-1336164_1920-300x199.jpg\",\"datePublished\":\"2016-12-01T14:19:09+00:00\",\"dateModified\":\"2016-12-08T10:22:33+00:00\",\"breadcrumb\":{\"@id\":\"https:\/\/instalater.eu.sk\/?page_id=18#breadcrumb\"},\"inLanguage\":\"sk-SK\",\"potentialAction\":[{\"@type\":\"ReadAction\",\"target\":[\"https:\/\/instalater.eu.sk\/?page_id=18\"]}]},{\"@type\":\"ImageObject\",\"inLanguage\":\"sk-SK\",\"@id\":\"https:\/\/instalater.eu.sk\/?page_id=18#primaryimage\",\"url\":\"http:\/\/www.instalater.eu.sk\/wp-content\/uploads\/2016\/12\/bathroom-1336164_1920-300x199.jpg\",\"contentUrl\":\"http:\/\/www.instalater.eu.sk\/wp-content\/uploads\/2016\/12\/bathroom-1336164_1920-300x199.jpg\"},{\"@type\":\"BreadcrumbList\",\"@id\":\"https:\/\/instalater.eu.sk\/?page_id=18#breadcrumb\",\"itemListElement\":[{\"@type\":\"ListItem\",\"position\":1,\"name\":\"Home\",\"item\":\"https:\/\/instalater.eu.sk\/\"},{\"@type\":\"ListItem\",\"position\":2,\"name\":\"Slu\u017eby\"}]},{\"@type\":\"WebSite\",\"@id\":\"https:\/\/instalater.eu.sk\/#website\",\"url\":\"https:\/\/instalater.eu.sk\/\",\"name\":\"instalater.eu.sk\",\"description\":\"In\u0161talat\u00e9r Trnava JK-TT, voda, k\u00farenie, plyn, vodoin\u0161talat\u00e9r, k\u00faren\u00e1r, plyn\u00e1r, vodoin\u0161tal\u00e1cie\",\"potentialAction\":[{\"@type\":\"SearchAction\",\"target\":{\"@type\":\"EntryPoint\",\"urlTemplate\":\"https:\/\/instalater.eu.sk\/?s={search_term_string}\"},\"query-input\":{\"@type\":\"PropertyValueSpecification\",\"valueRequired\":true,\"valueName\":\"search_term_string\"}}],\"inLanguage\":\"sk-SK\"}]}<\/script>\n<!-- \/ Yoast SEO plugin. -->","yoast_head_json":{"title":"Slu\u017eby | instalater.eu.sk","robots":{"index":"index","follow":"follow","max-snippet":"max-snippet:-1","max-image-preview":"max-image-preview:large","max-video-preview":"max-video-preview:-1"},"canonical":"https:\/\/instalater.eu.sk\/?page_id=18","og_locale":"sk_SK","og_type":"article","og_title":"Slu\u017eby | instalater.eu.sk","og_description":"Sanita Zobrazi\u0165 viac &nbsp; Kanaliz\u00e1cia Zobrazi\u0165 viac &nbsp; K\u00farenie Zobrazi\u0165 viac &nbsp; Zdravotechnika Zobrazi\u0165 viac &nbsp; Plynoin\u0161tal\u00e1cia Zobrazi\u0165 viac","og_url":"https:\/\/instalater.eu.sk\/?page_id=18","og_site_name":"instalater.eu.sk","article_modified_time":"2016-12-08T10:22:33+00:00","og_image":[{"url":"http:\/\/www.instalater.eu.sk\/wp-content\/uploads\/2016\/12\/bathroom-1336164_1920-300x199.jpg","type":"","width":"","height":""}],"twitter_card":"summary_large_image","schema":{"@context":"https:\/\/schema.org","@graph":[{"@type":"WebPage","@id":"https:\/\/instalater.eu.sk\/?page_id=18","url":"https:\/\/instalater.eu.sk\/?page_id=18","name":"Slu\u017eby | instalater.eu.sk","isPartOf":{"@id":"https:\/\/instalater.eu.sk\/#website"},"primaryImageOfPage":{"@id":"https:\/\/instalater.eu.sk\/?page_id=18#primaryimage"},"image":{"@id":"https:\/\/instalater.eu.sk\/?page_id=18#primaryimage"},"thumbnailUrl":"http:\/\/www.instalater.eu.sk\/wp-content\/uploads\/2016\/12\/bathroom-1336164_1920-300x199.jpg","datePublished":"2016-12-01T14:19:09+00:00","dateModified":"2016-12-08T10:22:33+00:00","breadcrumb":{"@id":"https:\/\/instalater.eu.sk\/?page_id=18#breadcrumb"},"inLanguage":"sk-SK","potentialAction":[{"@type":"ReadAction","target":["https:\/\/instalater.eu.sk\/?page_id=18"]}]},{"@type":"ImageObject","inLanguage":"sk-SK","@id":"https:\/\/instalater.eu.sk\/?page_id=18#primaryimage","url":"http:\/\/www.instalater.eu.sk\/wp-content\/uploads\/2016\/12\/bathroom-1336164_1920-300x199.jpg","contentUrl":"http:\/\/www.instalater.eu.sk\/wp-content\/uploads\/2016\/12\/bathroom-1336164_1920-300x199.jpg"},{"@type":"BreadcrumbList","@id":"https:\/\/instalater.eu.sk\/?page_id=18#breadcrumb","itemListElement":[{"@type":"ListItem","position":1,"name":"Home","item":"https:\/\/instalater.eu.sk\/"},{"@type":"ListItem","position":2,"name":"Slu\u017eby"}]},{"@type":"WebSite","@id":"https:\/\/instalater.eu.sk\/#website","url":"https:\/\/instalater.eu.sk\/","name":"instalater.eu.sk","description":"In\u0161talat\u00e9r Trnava JK-TT, voda, k\u00farenie, plyn, vodoin\u0161talat\u00e9r, k\u00faren\u00e1r, plyn\u00e1r, vodoin\u0161tal\u00e1cie","potentialAction":[{"@type":"SearchAction","target":{"@type":"EntryPoint","urlTemplate":"https:\/\/instalater.eu.sk\/?s={search_term_string}"},"query-input":{"@type":"PropertyValueSpecification","valueRequired":true,"valueName":"search_term_string"}}],"inLanguage":"sk-SK"}]}},"_links":{"self":[{"href":"https:\/\/instalater.eu.sk\/index.php?rest_route=\/wp\/v2\/pages\/18","targetHints":{"allow":["GET"]}}],"collection":[{"href":"https:\/\/instalater.eu.sk\/index.php?rest_route=\/wp\/v2\/pages"}],"about":[{"href":"https:\/\/instalater.eu.sk\/index.php?rest_route=\/wp\/v2\/types\/page"}],"author":[{"embeddable":true,"href":"https:\/\/instalater.eu.sk\/index.php?rest_route=\/wp\/v2\/users\/1"}],"replies":[{"embeddable":true,"href":"https:\/\/instalater.eu.sk\/index.php?rest_route=%2Fwp%2Fv2%2Fcomments&post=18"}],"version-history":[{"count":8,"href":"https:\/\/instalater.eu.sk\/index.php?rest_route=\/wp\/v2\/pages\/18\/revisions"}],"predecessor-version":[{"id":97,"href":"https:\/\/instalater.eu.sk\/index.php?rest_route=\/wp\/v2\/pages\/18\/revisions\/97"}],"wp:attachment":[{"href":"https:\/\/instalater.eu.sk\/index.php?rest_route=%2Fwp%2Fv2%2Fmedia&parent=18"}],"curies":[{"name":"wp","href":"https:\/\/api.w.org\/{rel}","templated":true}]}}